{"id":121,"date":"2021-10-29T11:10:56","date_gmt":"2021-10-29T09:10:56","guid":{"rendered":"https:\/\/tsunamixte.fr\/?page_id=121"},"modified":"2021-10-29T11:14:00","modified_gmt":"2021-10-29T09:14:00","slug":"2020-2","status":"publish","type":"page","link":"https:\/\/tsunamixte.fr\/index.php\/palmares\/2020-2\/","title":{"rendered":"Tsunamixte 2020"},"content":{"rendered":"\n<div class=\"wp-block-media-text alignwide is-stacked-on-mobile\"><figure class=\"wp-block-media-text__media\"><img loading=\"lazy\" decoding=\"async\" width=\"960\" height=\"960\" src=\"http:\/\/tsunamixte.fr\/wp-content\/uploads\/2021\/10\/logo_2020.png\" alt=\"\" class=\"wp-image-105 size-full\" srcset=\"https:\/\/tsunamixte.fr\/wp-content\/uploads\/2021\/10\/logo_2020.png 960w, https:\/\/tsunamixte.fr\/wp-content\/uploads\/2021\/10\/logo_2020-300x300.png 300w, https:\/\/tsunamixte.fr\/wp-content\/uploads\/2021\/10\/logo_2020-150x150.png 150w, https:\/\/tsunamixte.fr\/wp-content\/uploads\/2021\/10\/logo_2020-768x768.png 768w\" sizes=\"auto, (max-width: 960px) 100vw, 960px\" \/><\/figure><div class=\"wp-block-media-text__content\">\n<p>1. Magic Disc<br>2. Frizstyle<br>3. Burjuwomen<br>4. SoldOut<br>5. L&rsquo;Est&rsquo;D<br>6. Lymoni<br>7. RTC-Razmoket<br>8. Friches Be<br>9. BackPacks<br>10. SkyDiving<br>11. Zoulettes<br>12. Friz&rsquo;Toi<br>13. La Famille Schm\u00fcrtz<br>14. Zarnakand Abes<br>15. BAMG<br>16. Ca va trancher ch\u00e9ri(e)&nbsp;!<br>17. UPA<br>18. New School<br>19. La brigade du style<br>20. Take a break<br>21. La M\u00e9l\u00e9e PickHard<br>22. L&rsquo;Amour du Disc<br>23. Positive Vibration<br>24. Friz&rsquo;Bisontins<br>25. Ah Ouh Puc<br>26. Mister Friz Universitaire<br>27. Hot School Power<br>28. La Sono<br>29. Z\u00e9rog\u00e8ne<br>30. Phoenix<br>31. LOVE<br>32. R\u00e9volution&rsquo;Air<\/p>\n\n\n\n<p>Esprit du jeu : Hot School Power<\/p>\n<\/div><\/div>\n","protected":false},"excerpt":{"rendered":"<p>1. Magic Disc2. Frizstyle3. Burjuwomen4. SoldOut5. L&rsquo;Est&rsquo;D6. Lymoni7. RTC-Razmoket8. Friches Be9. BackPacks10. SkyDiving11. Zoulettes12. Friz&rsquo;Toi13. La Famille Schm\u00fcrtz14. Zarnakand Abes15. BAMG16. Ca va trancher ch\u00e9ri(e)&nbsp;!17. UPA18. New School19. La brigade du style20. Take a break21. La M\u00e9l\u00e9e PickHard22. L&rsquo;Amour du Disc23. Positive Vibration24. Friz&rsquo;Bisontins25. Ah Ouh Puc26. Mister Friz Universitaire27. Hot School Power28. La Sono29.&hellip;&nbsp;<a href=\"https:\/\/tsunamixte.fr\/index.php\/palmares\/2020-2\/\" rel=\"bookmark\">Lire la suite &raquo;<span class=\"screen-reader-text\">Tsunamixte 2020<\/span><\/a><\/p>\n","protected":false},"author":3,"featured_media":0,"parent":104,"menu_order":0,"comment_status":"closed","ping_status":"closed","template":"","meta":{"neve_meta_sidebar":"","neve_meta_container":"","neve_meta_enable_content_width":"","neve_meta_content_width":0,"neve_meta_title_alignment":"","neve_meta_author_avatar":"","neve_post_elements_order":"","neve_meta_disable_header":"","neve_meta_disable_footer":"","neve_meta_disable_title":"","footnotes":""},"class_list":["post-121","page","type-page","status-publish","hentry"],"_links":{"self":[{"href":"https:\/\/tsunamixte.fr\/index.php\/wp-json\/wp\/v2\/pages\/121","targetHints":{"allow":["GET"]}}],"collection":[{"href":"https:\/\/tsunamixte.fr\/index.php\/wp-json\/wp\/v2\/pages"}],"about":[{"href":"https:\/\/tsunamixte.fr\/index.php\/wp-json\/wp\/v2\/types\/page"}],"author":[{"embeddable":true,"href":"https:\/\/tsunamixte.fr\/index.php\/wp-json\/wp\/v2\/users\/3"}],"replies":[{"embeddable":true,"href":"https:\/\/tsunamixte.fr\/index.php\/wp-json\/wp\/v2\/comments?post=121"}],"version-history":[{"count":2,"href":"https:\/\/tsunamixte.fr\/index.php\/wp-json\/wp\/v2\/pages\/121\/revisions"}],"predecessor-version":[{"id":125,"href":"https:\/\/tsunamixte.fr\/index.php\/wp-json\/wp\/v2\/pages\/121\/revisions\/125"}],"up":[{"embeddable":true,"href":"https:\/\/tsunamixte.fr\/index.php\/wp-json\/wp\/v2\/pages\/104"}],"wp:attachment":[{"href":"https:\/\/tsunamixte.fr\/index.php\/wp-json\/wp\/v2\/media?parent=121"}],"curies":[{"name":"wp","href":"https:\/\/api.w.org\/{rel}","templated":true}]}}