{"id":131,"date":"2021-10-29T11:20:23","date_gmt":"2021-10-29T09:20:23","guid":{"rendered":"https:\/\/tsunamixte.fr\/?page_id=131"},"modified":"2021-10-29T11:20:24","modified_gmt":"2021-10-29T09:20:24","slug":"tsunamixte-2018","status":"publish","type":"page","link":"https:\/\/tsunamixte.fr\/index.php\/palmares\/tsunamixte-2018\/","title":{"rendered":"Tsunamixte 2018"},"content":{"rendered":"\n<div class=\"wp-block-media-text alignwide is-stacked-on-mobile\"><figure class=\"wp-block-media-text__media\"><img loading=\"lazy\" decoding=\"async\" width=\"376\" height=\"322\" src=\"https:\/\/tsunamixte.fr\/wp-content\/uploads\/2021\/10\/2018nn.png\" alt=\"\" class=\"wp-image-132 size-full\" srcset=\"https:\/\/tsunamixte.fr\/wp-content\/uploads\/2021\/10\/2018nn.png 376w, https:\/\/tsunamixte.fr\/wp-content\/uploads\/2021\/10\/2018nn-300x257.png 300w\" sizes=\"auto, (max-width: 376px) 100vw, 376px\" \/><\/figure><div class=\"wp-block-media-text__content\">\n<p>1. Razmokets<br>2. Frisboeuf<br>3. Sperrm\u00fcll Company<br>4. Freezbitch<br>5. Magic Disc Angers &#8211; Ultimate Frisbee<br>6. Les Discjonct\u00e9s, Club d&rsquo;Ultimate de Dijon<br>7. Ultimate Champagne<br>8. BackPacks<br>9. L&rsquo;ESTD<br>10. Fist Up<br>11. Friches Be<br>12. NUT<br>13. New School<br>14. Positive Vibration &#8211; Ultimate Team<br>15. SCUD<br>16. Ligue Flying-Disc Auvergne Rh\u00f4ne-Alpes<br>17. L&rsquo;Amour du disc<br>18. Ja Genau<br>19. Z\u00e9rog\u00eane &#8211; Club Ultimate Plaisir<br>20. Bikil\u00e9l\u00e9<br>21. Sun Frisbee Club de Cr\u00e9teil<br>22. Frog Disc Section &#8211; Ultimate &#8211; Evry<br>23. Les Pirates &#8211; Stade Lavallois Ultimate<br>24. UCV &#8211; Friz&rsquo;Bisontins<br>25. DiscTroyes Ultimate Frisbee<br>26. Mr Friz Ultimate Rennes<br>27. Strawhat Crew<br>28. Revolution&rsquo;Air \\ Ultimate \/ Paris<br>29. Ultimate Freebees Avignon<br>30. Ah Ouh Puc &#8211; Paris Ultimate<br>31. Stack Sparrow<br>32. Tits Side<\/p>\n\n\n\n<p>Esprit du jeu : Ligue Flying-Disc Auvergne Rh\u00f4ne-Alpes<\/p>\n<\/div><\/div>\n","protected":false},"excerpt":{"rendered":"<p>1. Razmokets2. Frisboeuf3. Sperrm\u00fcll Company4. Freezbitch5. Magic Disc Angers &#8211; Ultimate Frisbee6. Les Discjonct\u00e9s, Club d&rsquo;Ultimate de Dijon7. Ultimate Champagne8. BackPacks9. L&rsquo;ESTD10. Fist Up11. Friches Be12. NUT13. New School14. Positive Vibration &#8211; Ultimate Team15. SCUD16. Ligue Flying-Disc Auvergne Rh\u00f4ne-Alpes17. L&rsquo;Amour du disc18. Ja Genau19. Z\u00e9rog\u00eane &#8211; Club Ultimate Plaisir20. Bikil\u00e9l\u00e921. Sun Frisbee Club de Cr\u00e9teil22.&hellip;&nbsp;<a href=\"https:\/\/tsunamixte.fr\/index.php\/palmares\/tsunamixte-2018\/\" rel=\"bookmark\">Lire la suite &raquo;<span class=\"screen-reader-text\">Tsunamixte 2018<\/span><\/a><\/p>\n","protected":false},"author":3,"featured_media":0,"parent":104,"menu_order":0,"comment_status":"closed","ping_status":"closed","template":"","meta":{"neve_meta_sidebar":"","neve_meta_container":"","neve_meta_enable_content_width":"","neve_meta_content_width":0,"neve_meta_title_alignment":"","neve_meta_author_avatar":"","neve_post_elements_order":"","neve_meta_disable_header":"","neve_meta_disable_footer":"","neve_meta_disable_title":"","footnotes":""},"class_list":["post-131","page","type-page","status-publish","hentry"],"_links":{"self":[{"href":"https:\/\/tsunamixte.fr\/index.php\/wp-json\/wp\/v2\/pages\/131","targetHints":{"allow":["GET"]}}],"collection":[{"href":"https:\/\/tsunamixte.fr\/index.php\/wp-json\/wp\/v2\/pages"}],"about":[{"href":"https:\/\/tsunamixte.fr\/index.php\/wp-json\/wp\/v2\/types\/page"}],"author":[{"embeddable":true,"href":"https:\/\/tsunamixte.fr\/index.php\/wp-json\/wp\/v2\/users\/3"}],"replies":[{"embeddable":true,"href":"https:\/\/tsunamixte.fr\/index.php\/wp-json\/wp\/v2\/comments?post=131"}],"version-history":[{"count":1,"href":"https:\/\/tsunamixte.fr\/index.php\/wp-json\/wp\/v2\/pages\/131\/revisions"}],"predecessor-version":[{"id":133,"href":"https:\/\/tsunamixte.fr\/index.php\/wp-json\/wp\/v2\/pages\/131\/revisions\/133"}],"up":[{"embeddable":true,"href":"https:\/\/tsunamixte.fr\/index.php\/wp-json\/wp\/v2\/pages\/104"}],"wp:attachment":[{"href":"https:\/\/tsunamixte.fr\/index.php\/wp-json\/wp\/v2\/media?parent=131"}],"curies":[{"name":"wp","href":"https:\/\/api.w.org\/{rel}","templated":true}]}}