{"id":14,"date":"2021-10-28T10:41:08","date_gmt":"2021-10-28T08:41:08","guid":{"rendered":"http:\/\/tsunamixte.fr\/?page_id=14"},"modified":"2026-01-20T09:45:21","modified_gmt":"2026-01-20T08:45:21","slug":"infos","status":"publish","type":"page","link":"https:\/\/tsunamixte.fr\/index.php\/infos\/","title":{"rendered":"Infos"},"content":{"rendered":"\n<p>Retrouvez toutes les informations n\u00e9cessaires ici. Nous vous laissons trouver votre logement (les adresses des h\u00f4tels sont en bas de la page).<\/p>\n\n\n\n<h2 class=\"wp-block-heading\">Tarifs<\/h2>\n\n\n\n<p>100 euros de team fee<\/p>\n\n\n\n<p>+ player fee :<\/p>\n\n\n\n<p>Formule A : 20 euros pour simple participation<br>Formule B : 25 euros pour participation et soir\u00e9e du samedi soir<br>Formule C : 40 euros pour participation + repas et soir\u00e9e du samedi soir<br>Formule D : 25 euros pour accompagnateur participant au repas et \u00e0 la soir\u00e9e du samedi soir<br>Formule E : 10 euros pour accompagnateur participant \u00e0 la soir\u00e9e du samedi soir<\/p>\n\n\n\n<div class=\"wp-block-buttons is-layout-flex wp-block-buttons-is-layout-flex\"><\/div>\n\n\n\n<h2 class=\"wp-block-heading\">Le paiement<\/h2>\n\n\n\n<p>Le paiement de la Team fee (<strong>100\u20ac<\/strong>) et d&rsquo;au moins 7 player fee sont \u00e0 envoyer <strong>avant le 4 janvier 202<\/strong>6<\/p>\n\n\n\n<h5 class=\"wp-block-heading\">Remarques<\/h5>\n\n\n\n<p>Possibilit\u00e9 d&rsquo;ajuster le nombre de joueurs jusqu&rsquo;au 18 janvier 2026<br>Si vous souhaitez faire des modifications de formules, veuillez adresser un email \u00e0 <a href=\"mailto:loicevanno@gmail.com\">loicevanno@gmail.com<\/a><\/p>\n\n\n\n<h5 class=\"wp-block-heading\">Le r\u00e8glement<\/h5>\n\n\n\n<ul class=\"wp-block-list\">\n<li><strong>Par Virement<\/strong>\n<ul class=\"wp-block-list\">\n<li>IBAN: FR76 1010 7003 4300 1324 3248 546<br>Swift Code also called BIC (Bank Identifier Code) : BREDFRPPXXX<\/li>\n<\/ul>\n<\/li>\n<\/ul>\n\n\n\n<h2 class=\"wp-block-heading\" id=\"calendrier\">Calendrier<\/h2>\n\n\n\n<figure class=\"wp-block-table\"><table><thead><tr><th>Dates<\/th><th>\u00c9tapes<\/th><\/tr><\/thead><tbody><tr><td>1er novembre 2025<\/td><td>D\u00e9but des inscriptions<\/td><\/tr><tr><td>30 novembre 2025<\/td><td>Fin des inscriptions<\/td><\/tr><tr><td>D\u00e9but d\u00e9cembre<\/td><td>S\u00e9lection des \u00e9quipes<\/td><\/tr><tr><td>4 janvier 2026<\/td><td>Date limite de paiement de la teamfee et d&rsquo;au moins 7 playerfee<\/td><\/tr><tr><td>18 janvier 2026<\/td><td>Fin des ajustements et derniers paiements<\/td><\/tr><tr><td>7 et 8 f\u00e9vrier 2026<\/td><td>Les Vingt Coeurs !<\/td><\/tr><\/tbody><\/table><\/figure>\n\n\n\n<h2 class=\"wp-block-heading\" id=\"pour-nous-trouver\">Pour nous trouver<\/h2>\n\n\n\n<iframe loading=\"lazy\" src=\"https:\/\/www.google.com\/maps\/d\/embed?mid=1Y6YCsQkMnn8MABX2nuGkREZQrNaCFXqR&amp;hl=en\" width=\"650\" height=\"600\"><\/iframe>\n\n\n\n<figure class=\"wp-block-table\"><table><thead><tr><th>Gymnases<\/th><th>H\u00f4tels<\/th><\/tr><\/thead><tbody><tr><td><a href=\"http:\/\/maps.google.fr\/maps?f=q&amp;hl=fr&amp;q=2+avenue+Roux,+Nemours&amp;sll=47.15984,2.988281&amp;sspn=27.762251,82.265625&amp;ie=UTF8&amp;z=15&amp;ll=48.273282,2.696328&amp;spn=0.013253,0.054245&amp;t=h&amp;om=0\">Gymnase Roux<\/a><br>Avenue Roux, 77140 Nemours<br><a rel=\"noreferrer noopener\" href=\"http:\/\/maps.google.fr\/maps?f=q&amp;hl=fr&amp;geocode=&amp;q=Rue+de+la+Baraude,+Nemours&amp;sll=48.264198,2.712572&amp;sspn=0.006942,0.020084&amp;ie=UTF8&amp;ll=48.264198,2.712572&amp;spn=0.006942,0.020084&amp;t=h&amp;z=16&amp;iwloc=addr&amp;om=0\" target=\"_blank\">Gymnase des Coll\u00e8ges<\/a><br>Rue Baraude, 77140 Nemours<br><a rel=\"noreferrer noopener\" href=\"http:\/\/maps.google.fr\/maps?f=q&amp;source=s_q&amp;hl=fr&amp;geocode=&amp;q=nemours,+25+rue+du+Guinebert&amp;sll=48.274662,2.675826&amp;sspn=0.014167,0.038581&amp;ie=UTF8&amp;hq=&amp;hnear=Rue+du+Guinebert,+77140+Saint-Pierre-l%C3%A8s-Nemours,+Seine-et-Marne,+Ile-de-France&amp;t=h&amp;z=15\" target=\"_blank\">Gymnase Jean Bohec<\/a><br>rue de Guinebert, 77140 Saint-Pierre-l\u00e8s-Nemours<br><a rel=\"noreferrer noopener\" href=\"http:\/\/maps.google.fr\/maps?q=29+Avenue+Jean+Moulin,nemours&amp;hl=fr&amp;ie=UTF8&amp;sll=46.75984,1.738281&amp;sspn=14.396062,33.815918&amp;vpsrc=0&amp;hnear=29+Avenue+Jean+Moulin,+77140+Nemours,+Seine-et-Marne,+%C3%8Ele-de-France&amp;t=h&amp;z=17&amp;iwloc=A\" target=\"_blank\">Gymnase des Cherelles<\/a><br>29 avenue Jean Moulin, 77140 Nemours<br><a href=\"https:\/\/goo.gl\/maps\/JAYPbFprhevBGx9Y9\">Centre socio-culturel<\/a><br>9 Rue du Clos Saint-Jean, 77140 Saint-Pierre-l\u00e8s-Nemours<\/td><td><a rel=\"noreferrer noopener\" href=\"https:\/\/www.google.fr\/maps\/place\/H%C3%B4tel+Kyriad+Nemours\/@48.2622696,2.7228653,17z\/data=!3m1!4b1!4m5!3m4!1s0x47e5882df5f653f1:0x94ae621e76c0d062!8m2!3d48.262266!4d2.725054\" target=\"_blank\">Kyriad<\/a><br>Autoroute du Soleil, 77140 Nemours<br>08 91 70 53 40<br><a rel=\"noreferrer noopener\" href=\"http:\/\/g.co\/maps\/vb3u5\" target=\"_blank\">Premi\u00e8re Classe<\/a><br>place des moines<br>01 64 78 06 32<br><a rel=\"noreferrer noopener\" href=\"https:\/\/goo.gl\/maps\/ZVrPfppg6192\" target=\"_blank\">La villa des sources<\/a><br>22 rue Hoche, 77460 Souppes-sur-Loing<br>01 64 78 50 35<br><a rel=\"noreferrer noopener\" href=\"https:\/\/goo.gl\/maps\/HdGN6dnYDFRJTfVV7\" target=\"_blank\">Maison Familiale Rurale<\/a><br>72 Avenue du Mar\u00e9chal Leclerc, 77460 Souppes-sur-Loing<br>01 60 55 50 30<\/td><\/tr><\/tbody><\/table><\/figure>\n","protected":false},"excerpt":{"rendered":"<p>Retrouvez toutes les informations n\u00e9cessaires ici. Nous vous laissons trouver votre logement (les adresses des h\u00f4tels sont en bas de la page). Tarifs 100 euros de team fee + player fee : Formule A : 20 euros pour simple participationFormule B : 25 euros pour participation et soir\u00e9e du samedi soirFormule C : 40 euros&hellip;&nbsp;<a href=\"https:\/\/tsunamixte.fr\/index.php\/infos\/\" rel=\"bookmark\">Lire la suite &raquo;<span class=\"screen-reader-text\">Infos<\/span><\/a><\/p>\n","protected":false},"author":3,"featured_media":0,"parent":0,"menu_order":0,"comment_status":"closed","ping_status":"closed","template":"","meta":{"neve_meta_sidebar":"","neve_meta_container":"","neve_meta_enable_content_width":"","neve_meta_content_width":0,"neve_meta_title_alignment":"","neve_meta_author_avatar":"","neve_post_elements_order":"","neve_meta_disable_header":"","neve_meta_disable_footer":"","neve_meta_disable_title":"","footnotes":""},"class_list":["post-14","page","type-page","status-publish","hentry"],"_links":{"self":[{"href":"https:\/\/tsunamixte.fr\/index.php\/wp-json\/wp\/v2\/pages\/14","targetHints":{"allow":["GET"]}}],"collection":[{"href":"https:\/\/tsunamixte.fr\/index.php\/wp-json\/wp\/v2\/pages"}],"about":[{"href":"https:\/\/tsunamixte.fr\/index.php\/wp-json\/wp\/v2\/types\/page"}],"author":[{"embeddable":true,"href":"https:\/\/tsunamixte.fr\/index.php\/wp-json\/wp\/v2\/users\/3"}],"replies":[{"embeddable":true,"href":"https:\/\/tsunamixte.fr\/index.php\/wp-json\/wp\/v2\/comments?post=14"}],"version-history":[{"count":46,"href":"https:\/\/tsunamixte.fr\/index.php\/wp-json\/wp\/v2\/pages\/14\/revisions"}],"predecessor-version":[{"id":984,"href":"https:\/\/tsunamixte.fr\/index.php\/wp-json\/wp\/v2\/pages\/14\/revisions\/984"}],"wp:attachment":[{"href":"https:\/\/tsunamixte.fr\/index.php\/wp-json\/wp\/v2\/media?parent=14"}],"curies":[{"name":"wp","href":"https:\/\/api.w.org\/{rel}","templated":true}]}}