{"id":154,"date":"2021-10-29T12:03:32","date_gmt":"2021-10-29T10:03:32","guid":{"rendered":"https:\/\/tsunamixte.fr\/?page_id=154"},"modified":"2021-10-29T12:04:11","modified_gmt":"2021-10-29T10:04:11","slug":"tsunamixte-2015","status":"publish","type":"page","link":"https:\/\/tsunamixte.fr\/index.php\/palmares\/tsunamixte-2015\/","title":{"rendered":"Tsunamixte 2015"},"content":{"rendered":"\n<div class=\"wp-block-media-text alignwide is-stacked-on-mobile\"><figure class=\"wp-block-media-text__media\"><img loading=\"lazy\" decoding=\"async\" width=\"600\" height=\"500\" src=\"https:\/\/tsunamixte.fr\/wp-content\/uploads\/2021\/10\/2015.png\" alt=\"\" class=\"wp-image-155 size-full\" srcset=\"https:\/\/tsunamixte.fr\/wp-content\/uploads\/2021\/10\/2015.png 600w, https:\/\/tsunamixte.fr\/wp-content\/uploads\/2021\/10\/2015-300x250.png 300w\" sizes=\"auto, (max-width: 600px) 100vw, 600px\" \/><\/figure><div class=\"wp-block-media-text__content\">\n<p>1. Freezbitch<br>2. BDM<br>3. Dynamo Spermull<br>4. Spin Up<br>5. Tourne Disc<br>6. Dentifriz<br>7. Saumon Rouges<br>8. Razmokets<br>9. Discobols<br>10. Phoenix<br>11. L&rsquo;Amour du Disc<br>12. Mrs &amp; Mr Friz<br>13. Freezgomixte<br>14. Fist up<br>15. La Famille Schm\u00fcrtz<br>16. Bikil\u00e9l\u00e9<br>17. Frisbeurs<br>18. Sun<br>19. SWEC<br>20. New School<br>21. Ja Genau<br>22. Magic Poney<br>23. Discjonct\u00e9s<br>24. OUUF<br>25. Friz&rsquo;Bisontins<br>26. Frog Disc Section<br>27. R\u00e9volution&rsquo;air<br>28. Friselis<br>29. Z\u00e9rog\u00e8ne<br>30. Pucerons<br>31. Fly Disc&rsquo;R<br>32. La Bourrasque<\/p>\n\n\n\n<p>Esprit du jeu : Spin Up<\/p>\n<\/div><\/div>\n","protected":false},"excerpt":{"rendered":"<p>1. Freezbitch2. BDM3. Dynamo Spermull4. Spin Up5. Tourne Disc6. Dentifriz7. Saumon Rouges8. Razmokets9. Discobols10. Phoenix11. L&rsquo;Amour du Disc12. Mrs &amp; Mr Friz13. Freezgomixte14. Fist up15. La Famille Schm\u00fcrtz16. Bikil\u00e9l\u00e917. Frisbeurs18. Sun19. SWEC20. New School21. Ja Genau22. Magic Poney23. Discjonct\u00e9s24. OUUF25. Friz&rsquo;Bisontins26. Frog Disc Section27. R\u00e9volution&rsquo;air28. Friselis29. Z\u00e9rog\u00e8ne30. Pucerons31. Fly Disc&rsquo;R32. La Bourrasque Esprit du jeu&hellip;&nbsp;<a href=\"https:\/\/tsunamixte.fr\/index.php\/palmares\/tsunamixte-2015\/\" rel=\"bookmark\">Lire la suite &raquo;<span class=\"screen-reader-text\">Tsunamixte 2015<\/span><\/a><\/p>\n","protected":false},"author":3,"featured_media":0,"parent":104,"menu_order":0,"comment_status":"closed","ping_status":"closed","template":"","meta":{"neve_meta_sidebar":"","neve_meta_container":"","neve_meta_enable_content_width":"","neve_meta_content_width":0,"neve_meta_title_alignment":"","neve_meta_author_avatar":"","neve_post_elements_order":"","neve_meta_disable_header":"","neve_meta_disable_footer":"","neve_meta_disable_title":"","footnotes":""},"class_list":["post-154","page","type-page","status-publish","hentry"],"_links":{"self":[{"href":"https:\/\/tsunamixte.fr\/index.php\/wp-json\/wp\/v2\/pages\/154","targetHints":{"allow":["GET"]}}],"collection":[{"href":"https:\/\/tsunamixte.fr\/index.php\/wp-json\/wp\/v2\/pages"}],"about":[{"href":"https:\/\/tsunamixte.fr\/index.php\/wp-json\/wp\/v2\/types\/page"}],"author":[{"embeddable":true,"href":"https:\/\/tsunamixte.fr\/index.php\/wp-json\/wp\/v2\/users\/3"}],"replies":[{"embeddable":true,"href":"https:\/\/tsunamixte.fr\/index.php\/wp-json\/wp\/v2\/comments?post=154"}],"version-history":[{"count":1,"href":"https:\/\/tsunamixte.fr\/index.php\/wp-json\/wp\/v2\/pages\/154\/revisions"}],"predecessor-version":[{"id":156,"href":"https:\/\/tsunamixte.fr\/index.php\/wp-json\/wp\/v2\/pages\/154\/revisions\/156"}],"up":[{"embeddable":true,"href":"https:\/\/tsunamixte.fr\/index.php\/wp-json\/wp\/v2\/pages\/104"}],"wp:attachment":[{"href":"https:\/\/tsunamixte.fr\/index.php\/wp-json\/wp\/v2\/media?parent=154"}],"curies":[{"name":"wp","href":"https:\/\/api.w.org\/{rel}","templated":true}]}}