{"id":158,"date":"2021-10-29T12:06:37","date_gmt":"2021-10-29T10:06:37","guid":{"rendered":"https:\/\/tsunamixte.fr\/?page_id=158"},"modified":"2021-10-29T12:06:37","modified_gmt":"2021-10-29T10:06:37","slug":"tsunamixte-2014","status":"publish","type":"page","link":"https:\/\/tsunamixte.fr\/index.php\/palmares\/tsunamixte-2014\/","title":{"rendered":"Tsunamixte 2014"},"content":{"rendered":"\n<div class=\"wp-block-media-text alignwide is-stacked-on-mobile\"><figure class=\"wp-block-media-text__media\"><img loading=\"lazy\" decoding=\"async\" width=\"600\" height=\"500\" src=\"https:\/\/tsunamixte.fr\/wp-content\/uploads\/2021\/10\/2014.png\" alt=\"\" class=\"wp-image-159 size-full\" srcset=\"https:\/\/tsunamixte.fr\/wp-content\/uploads\/2021\/10\/2014.png 600w, https:\/\/tsunamixte.fr\/wp-content\/uploads\/2021\/10\/2014-300x250.png 300w\" sizes=\"auto, (max-width: 600px) 100vw, 600px\" \/><\/figure><div class=\"wp-block-media-text__content\">\n<p>1. Lokomotiv Sperrm\u00fcll<br>2. Saumons Rouges<br>3. Tourne Disc<br>4. BDM<br>5. Dentifriz<br>6. Freezbitch<br>7. Sun<br>8. Razmokets<br>9. Pick Up<br>10. La Famille Shm\u00fcrtz<br>11. Freezgo<br>12. Phoenix<br>13. Sesquidistus<br>14. Revolution&rsquo;Air<br>15. Hairy Big Boobs (HBB)<br>16. Bikil\u00e9l\u00e9<br>17. Freevol<br>18. Ziggles<br>19. OUF<br>20. SWEC<br>21. Z\u00e9rog\u00eane<br>22. Breizh Storming<br>23. Fly Disc&rsquo;R<br>24. Frog Disc Section<br>25. Burning Scud<br>26. Ya Genau<br>27. RFO<br>28. Les Discjonct\u00e9s<br>29. Friz&rsquo;Bisontins<br>30. PUCerons<br>31. La Bourrasque<br>32. Ah Ouh Puc 2<\/p>\n\n\n\n<p>Esprit du jeu : Friz&rsquo;Bisontins<\/p>\n<\/div><\/div>\n","protected":false},"excerpt":{"rendered":"<p>1. Lokomotiv Sperrm\u00fcll2. Saumons Rouges3. Tourne Disc4. BDM5. Dentifriz6. Freezbitch7. Sun8. Razmokets9. Pick Up10. La Famille Shm\u00fcrtz11. Freezgo12. Phoenix13. Sesquidistus14. Revolution&rsquo;Air15. Hairy Big Boobs (HBB)16. Bikil\u00e9l\u00e917. Freevol18. Ziggles19. OUF20. SWEC21. Z\u00e9rog\u00eane22. Breizh Storming23. Fly Disc&rsquo;R24. Frog Disc Section25. Burning Scud26. Ya Genau27. RFO28. Les Discjonct\u00e9s29. Friz&rsquo;Bisontins30. PUCerons31. La Bourrasque32. Ah Ouh Puc 2 Esprit du&hellip;&nbsp;<a href=\"https:\/\/tsunamixte.fr\/index.php\/palmares\/tsunamixte-2014\/\" rel=\"bookmark\">Lire la suite &raquo;<span class=\"screen-reader-text\">Tsunamixte 2014<\/span><\/a><\/p>\n","protected":false},"author":3,"featured_media":0,"parent":104,"menu_order":0,"comment_status":"closed","ping_status":"closed","template":"","meta":{"neve_meta_sidebar":"","neve_meta_container":"","neve_meta_enable_content_width":"","neve_meta_content_width":0,"neve_meta_title_alignment":"","neve_meta_author_avatar":"","neve_post_elements_order":"","neve_meta_disable_header":"","neve_meta_disable_footer":"","neve_meta_disable_title":"","footnotes":""},"class_list":["post-158","page","type-page","status-publish","hentry"],"_links":{"self":[{"href":"https:\/\/tsunamixte.fr\/index.php\/wp-json\/wp\/v2\/pages\/158","targetHints":{"allow":["GET"]}}],"collection":[{"href":"https:\/\/tsunamixte.fr\/index.php\/wp-json\/wp\/v2\/pages"}],"about":[{"href":"https:\/\/tsunamixte.fr\/index.php\/wp-json\/wp\/v2\/types\/page"}],"author":[{"embeddable":true,"href":"https:\/\/tsunamixte.fr\/index.php\/wp-json\/wp\/v2\/users\/3"}],"replies":[{"embeddable":true,"href":"https:\/\/tsunamixte.fr\/index.php\/wp-json\/wp\/v2\/comments?post=158"}],"version-history":[{"count":1,"href":"https:\/\/tsunamixte.fr\/index.php\/wp-json\/wp\/v2\/pages\/158\/revisions"}],"predecessor-version":[{"id":160,"href":"https:\/\/tsunamixte.fr\/index.php\/wp-json\/wp\/v2\/pages\/158\/revisions\/160"}],"up":[{"embeddable":true,"href":"https:\/\/tsunamixte.fr\/index.php\/wp-json\/wp\/v2\/pages\/104"}],"wp:attachment":[{"href":"https:\/\/tsunamixte.fr\/index.php\/wp-json\/wp\/v2\/media?parent=158"}],"curies":[{"name":"wp","href":"https:\/\/api.w.org\/{rel}","templated":true}]}}