{"id":163,"date":"2021-10-29T12:09:48","date_gmt":"2021-10-29T10:09:48","guid":{"rendered":"https:\/\/tsunamixte.fr\/?page_id=163"},"modified":"2021-10-29T12:09:59","modified_gmt":"2021-10-29T10:09:59","slug":"tsunamixte-2013","status":"publish","type":"page","link":"https:\/\/tsunamixte.fr\/index.php\/palmares\/tsunamixte-2013\/","title":{"rendered":"Tsunamixte 2013"},"content":{"rendered":"\n<div class=\"wp-block-media-text alignwide is-stacked-on-mobile\"><figure class=\"wp-block-media-text__media\"><img loading=\"lazy\" decoding=\"async\" width=\"700\" height=\"800\" src=\"https:\/\/tsunamixte.fr\/wp-content\/uploads\/2021\/10\/2013.png\" alt=\"\" class=\"wp-image-164 size-full\" srcset=\"https:\/\/tsunamixte.fr\/wp-content\/uploads\/2021\/10\/2013.png 700w, https:\/\/tsunamixte.fr\/wp-content\/uploads\/2021\/10\/2013-263x300.png 263w\" sizes=\"auto, (max-width: 700px) 100vw, 700px\" \/><\/figure><div class=\"wp-block-media-text__content\">\n<p>1. Spartak Spermull<br>2. BDM<br>3. Dentifriz<br>4. Anonymous\/LDP<br>5. ZIGGLES<br>6. UV<br>7. Freezbitch<br>8. La Famille Schmurtz 9. Sun<br>10. Love &amp; Married<br>11. Magic Disc<br>12. Freezgos<br>13. Saumons Rouges<br>14. Da Rouya<br>15. Tsunami<br>16. Breizh United 17. Phoenix<br>18. Mrs &amp; Mr Friz<br>19. SWEC<br>20. Z\u00e9rog\u00e8nes<br>21. Infin 8<br>22. Ah Ouh Puc<br>23. Disc&rsquo;lexique<br>24. La Bourrasque<br>25. L&rsquo;amour du Disc<br>26. Les Discjonct\u00e9s<br>27. Bikil\u00e9l\u00e9<br>28. Frog Disc Section<br>29. Revos 1<br>30. Fly Disc&rsquo;R<br>31. Friz Bizontins<br>32. Friselis<\/p>\n\n\n\n<p>Esprit du jeu : Saumons Rouges<\/p>\n<\/div><\/div>\n","protected":false},"excerpt":{"rendered":"<p>1. Spartak Spermull2. BDM3. Dentifriz4. Anonymous\/LDP5. ZIGGLES6. UV7. Freezbitch8. La Famille Schmurtz 9. Sun10. Love &amp; Married11. Magic Disc12. Freezgos13. Saumons Rouges14. Da Rouya15. Tsunami16. Breizh United 17. Phoenix18. Mrs &amp; Mr Friz19. SWEC20. Z\u00e9rog\u00e8nes21. Infin 822. Ah Ouh Puc23. Disc&rsquo;lexique24. La Bourrasque25. L&rsquo;amour du Disc26. Les Discjonct\u00e9s27. Bikil\u00e9l\u00e928. Frog Disc Section29. Revos 130. Fly&hellip;&nbsp;<a href=\"https:\/\/tsunamixte.fr\/index.php\/palmares\/tsunamixte-2013\/\" rel=\"bookmark\">Lire la suite &raquo;<span class=\"screen-reader-text\">Tsunamixte 2013<\/span><\/a><\/p>\n","protected":false},"author":3,"featured_media":0,"parent":104,"menu_order":0,"comment_status":"closed","ping_status":"closed","template":"","meta":{"neve_meta_sidebar":"","neve_meta_container":"","neve_meta_enable_content_width":"","neve_meta_content_width":0,"neve_meta_title_alignment":"","neve_meta_author_avatar":"","neve_post_elements_order":"","neve_meta_disable_header":"","neve_meta_disable_footer":"","neve_meta_disable_title":"","footnotes":""},"class_list":["post-163","page","type-page","status-publish","hentry"],"_links":{"self":[{"href":"https:\/\/tsunamixte.fr\/index.php\/wp-json\/wp\/v2\/pages\/163","targetHints":{"allow":["GET"]}}],"collection":[{"href":"https:\/\/tsunamixte.fr\/index.php\/wp-json\/wp\/v2\/pages"}],"about":[{"href":"https:\/\/tsunamixte.fr\/index.php\/wp-json\/wp\/v2\/types\/page"}],"author":[{"embeddable":true,"href":"https:\/\/tsunamixte.fr\/index.php\/wp-json\/wp\/v2\/users\/3"}],"replies":[{"embeddable":true,"href":"https:\/\/tsunamixte.fr\/index.php\/wp-json\/wp\/v2\/comments?post=163"}],"version-history":[{"count":1,"href":"https:\/\/tsunamixte.fr\/index.php\/wp-json\/wp\/v2\/pages\/163\/revisions"}],"predecessor-version":[{"id":165,"href":"https:\/\/tsunamixte.fr\/index.php\/wp-json\/wp\/v2\/pages\/163\/revisions\/165"}],"up":[{"embeddable":true,"href":"https:\/\/tsunamixte.fr\/index.php\/wp-json\/wp\/v2\/pages\/104"}],"wp:attachment":[{"href":"https:\/\/tsunamixte.fr\/index.php\/wp-json\/wp\/v2\/media?parent=163"}],"curies":[{"name":"wp","href":"https:\/\/api.w.org\/{rel}","templated":true}]}}