{"id":168,"date":"2021-10-29T12:49:44","date_gmt":"2021-10-29T10:49:44","guid":{"rendered":"https:\/\/tsunamixte.fr\/?page_id=168"},"modified":"2021-10-29T13:32:51","modified_gmt":"2021-10-29T11:32:51","slug":"tsunamixte-2012","status":"publish","type":"page","link":"https:\/\/tsunamixte.fr\/index.php\/palmares\/tsunamixte-2012\/","title":{"rendered":"Tsunamixte 2012"},"content":{"rendered":"\n<div class=\"wp-block-media-text alignwide is-stacked-on-mobile\"><figure class=\"wp-block-media-text__media\"><img loading=\"lazy\" decoding=\"async\" width=\"739\" height=\"739\" src=\"https:\/\/tsunamixte.fr\/wp-content\/uploads\/2021\/10\/2012.png\" alt=\"\" class=\"wp-image-169 size-full\" srcset=\"https:\/\/tsunamixte.fr\/wp-content\/uploads\/2021\/10\/2012.png 739w, https:\/\/tsunamixte.fr\/wp-content\/uploads\/2021\/10\/2012-300x300.png 300w, https:\/\/tsunamixte.fr\/wp-content\/uploads\/2021\/10\/2012-150x150.png 150w\" sizes=\"auto, (max-width: 739px) 100vw, 739px\" \/><\/figure><div class=\"wp-block-media-text__content\">\n<p>1. Ziggles<br>2. BDM<br>3. LDP<br>4. Dentifriz<br>5. Freezbitch<br>6. Famille Schmurtz<br>7. Sun<br>8. R\u00e9vo 2<br>9. Tourne Disc<br>10. Da Rouya<br>11. Ah Ouh Puc<br>12. Phoenix<br>13. Binge<br>14. Mister Friz<br>15. 33 Tours<br>16. Magic<br>17. Wizards<br>18. UV<br>19. Freezgo<br>20. Disc&rsquo; Lexiq&rsquo;<br>21. Bikil\u00e9l\u00e9<br>22. FrizBisontin<br>23. Tsunamini<br>24. Amour du Disc<br>25. Fly Disc&rsquo;R<br>26. Ducs<br>27. Discjonct\u00e9s<br>28. La Bourrasque<br>29. Z\u00e9rog\u00eane<br>30. Fly High<br>31. Frog Disc Section<br>32. R\u00e9vo<\/p>\n\n\n\n<p>Esprit du jeu : Friz&rsquo;Bisontins<\/p>\n<\/div><\/div>\n","protected":false},"excerpt":{"rendered":"<p>1. Ziggles2. BDM3. LDP4. Dentifriz5. Freezbitch6. Famille Schmurtz7. Sun8. R\u00e9vo 29. Tourne Disc10. Da Rouya11. Ah Ouh Puc12. Phoenix13. Binge14. Mister Friz15. 33 Tours16. Magic17. Wizards18. UV19. Freezgo20. Disc&rsquo; Lexiq&rsquo;21. Bikil\u00e9l\u00e922. FrizBisontin23. Tsunamini24. Amour du Disc25. Fly Disc&rsquo;R26. Ducs27. Discjonct\u00e9s28. La Bourrasque29. Z\u00e9rog\u00eane30. Fly High31. Frog Disc Section32. R\u00e9vo Esprit du jeu : Friz&rsquo;Bisontins<\/p>\n","protected":false},"author":3,"featured_media":0,"parent":104,"menu_order":0,"comment_status":"closed","ping_status":"closed","template":"","meta":{"neve_meta_sidebar":"","neve_meta_container":"","neve_meta_enable_content_width":"","neve_meta_content_width":0,"neve_meta_title_alignment":"","neve_meta_author_avatar":"","neve_post_elements_order":"","neve_meta_disable_header":"","neve_meta_disable_footer":"","neve_meta_disable_title":"","footnotes":""},"class_list":["post-168","page","type-page","status-publish","hentry"],"_links":{"self":[{"href":"https:\/\/tsunamixte.fr\/index.php\/wp-json\/wp\/v2\/pages\/168","targetHints":{"allow":["GET"]}}],"collection":[{"href":"https:\/\/tsunamixte.fr\/index.php\/wp-json\/wp\/v2\/pages"}],"about":[{"href":"https:\/\/tsunamixte.fr\/index.php\/wp-json\/wp\/v2\/types\/page"}],"author":[{"embeddable":true,"href":"https:\/\/tsunamixte.fr\/index.php\/wp-json\/wp\/v2\/users\/3"}],"replies":[{"embeddable":true,"href":"https:\/\/tsunamixte.fr\/index.php\/wp-json\/wp\/v2\/comments?post=168"}],"version-history":[{"count":1,"href":"https:\/\/tsunamixte.fr\/index.php\/wp-json\/wp\/v2\/pages\/168\/revisions"}],"predecessor-version":[{"id":170,"href":"https:\/\/tsunamixte.fr\/index.php\/wp-json\/wp\/v2\/pages\/168\/revisions\/170"}],"up":[{"embeddable":true,"href":"https:\/\/tsunamixte.fr\/index.php\/wp-json\/wp\/v2\/pages\/104"}],"wp:attachment":[{"href":"https:\/\/tsunamixte.fr\/index.php\/wp-json\/wp\/v2\/media?parent=168"}],"curies":[{"name":"wp","href":"https:\/\/api.w.org\/{rel}","templated":true}]}}