{"id":172,"date":"2021-10-29T13:33:41","date_gmt":"2021-10-29T11:33:41","guid":{"rendered":"https:\/\/tsunamixte.fr\/?page_id=172"},"modified":"2021-10-29T13:33:41","modified_gmt":"2021-10-29T11:33:41","slug":"tsunamixte-2011","status":"publish","type":"page","link":"https:\/\/tsunamixte.fr\/index.php\/palmares\/tsunamixte-2011\/","title":{"rendered":"Tsunamixte 2011"},"content":{"rendered":"\n<div class=\"wp-block-media-text alignwide is-stacked-on-mobile\"><figure class=\"wp-block-media-text__media\"><img loading=\"lazy\" decoding=\"async\" width=\"600\" height=\"610\" src=\"https:\/\/tsunamixte.fr\/wp-content\/uploads\/2021\/10\/2011.png\" alt=\"\" class=\"wp-image-174 size-full\" srcset=\"https:\/\/tsunamixte.fr\/wp-content\/uploads\/2021\/10\/2011.png 600w, https:\/\/tsunamixte.fr\/wp-content\/uploads\/2021\/10\/2011-295x300.png 295w\" sizes=\"auto, (max-width: 600px) 100vw, 600px\" \/><\/figure><div class=\"wp-block-media-text__content\">\n<p>1. Ziggles<br>2. Famille Shmurtz<br>3. LDP<br>4. Tourne Disc<br>5. Hot<br>6. Revolution&rsquo;Air<br>7. Firz&rsquo;Bisontins<br>8. Bikil\u00e9l\u00e9<br>9. Love and Maried<br>10. Z\u00e9rog\u00e8nes<br>11. Freezgo<br>12. Breizh Storming<br>13. Dentifriz<br>14. Phoenix<br>15. Code Wiz<br>16. Les Disjonct\u00e9<br>17. Ultimate Vibration<br>18. Ah Ouh Puc<br>19. Fly Disc&rsquo;R<br>20. Tsunaminis<br>21. Sun<br>22. La Bourrasque<br>23. Ultimotte<br>24. Les Ducs<\/p>\n\n\n\n<p>Esprit du jeu : Tourne Disc<\/p>\n<\/div><\/div>\n","protected":false},"excerpt":{"rendered":"<p>1. Ziggles2. Famille Shmurtz3. LDP4. Tourne Disc5. Hot6. Revolution&rsquo;Air7. Firz&rsquo;Bisontins8. Bikil\u00e9l\u00e99. Love and Maried10. Z\u00e9rog\u00e8nes11. Freezgo12. Breizh Storming13. Dentifriz14. Phoenix15. Code Wiz16. Les Disjonct\u00e917. Ultimate Vibration18. Ah Ouh Puc19. Fly Disc&rsquo;R20. Tsunaminis21. Sun22. La Bourrasque23. Ultimotte24. Les Ducs Esprit du jeu : Tourne Disc<\/p>\n","protected":false},"author":3,"featured_media":0,"parent":104,"menu_order":0,"comment_status":"closed","ping_status":"closed","template":"","meta":{"neve_meta_sidebar":"","neve_meta_container":"","neve_meta_enable_content_width":"","neve_meta_content_width":0,"neve_meta_title_alignment":"","neve_meta_author_avatar":"","neve_post_elements_order":"","neve_meta_disable_header":"","neve_meta_disable_footer":"","neve_meta_disable_title":"","footnotes":""},"class_list":["post-172","page","type-page","status-publish","hentry"],"_links":{"self":[{"href":"https:\/\/tsunamixte.fr\/index.php\/wp-json\/wp\/v2\/pages\/172","targetHints":{"allow":["GET"]}}],"collection":[{"href":"https:\/\/tsunamixte.fr\/index.php\/wp-json\/wp\/v2\/pages"}],"about":[{"href":"https:\/\/tsunamixte.fr\/index.php\/wp-json\/wp\/v2\/types\/page"}],"author":[{"embeddable":true,"href":"https:\/\/tsunamixte.fr\/index.php\/wp-json\/wp\/v2\/users\/3"}],"replies":[{"embeddable":true,"href":"https:\/\/tsunamixte.fr\/index.php\/wp-json\/wp\/v2\/comments?post=172"}],"version-history":[{"count":1,"href":"https:\/\/tsunamixte.fr\/index.php\/wp-json\/wp\/v2\/pages\/172\/revisions"}],"predecessor-version":[{"id":175,"href":"https:\/\/tsunamixte.fr\/index.php\/wp-json\/wp\/v2\/pages\/172\/revisions\/175"}],"up":[{"embeddable":true,"href":"https:\/\/tsunamixte.fr\/index.php\/wp-json\/wp\/v2\/pages\/104"}],"wp:attachment":[{"href":"https:\/\/tsunamixte.fr\/index.php\/wp-json\/wp\/v2\/media?parent=172"}],"curies":[{"name":"wp","href":"https:\/\/api.w.org\/{rel}","templated":true}]}}