{"id":176,"date":"2021-10-29T13:38:06","date_gmt":"2021-10-29T11:38:06","guid":{"rendered":"https:\/\/tsunamixte.fr\/?page_id=176"},"modified":"2021-10-29T13:38:06","modified_gmt":"2021-10-29T11:38:06","slug":"tsunamixte-2010","status":"publish","type":"page","link":"https:\/\/tsunamixte.fr\/index.php\/palmares\/tsunamixte-2010\/","title":{"rendered":"Tsunamixte 2010"},"content":{"rendered":"\n<div class=\"wp-block-media-text alignwide is-stacked-on-mobile\"><figure class=\"wp-block-media-text__media\"><img loading=\"lazy\" decoding=\"async\" width=\"600\" height=\"560\" src=\"https:\/\/tsunamixte.fr\/wp-content\/uploads\/2021\/10\/2010.png\" alt=\"\" class=\"wp-image-177 size-full\" srcset=\"https:\/\/tsunamixte.fr\/wp-content\/uploads\/2021\/10\/2010.png 600w, https:\/\/tsunamixte.fr\/wp-content\/uploads\/2021\/10\/2010-300x280.png 300w\" sizes=\"auto, (max-width: 600px) 100vw, 600px\" \/><\/figure><div class=\"wp-block-media-text__content\">\n<p>1. Famille Shmurtz<br>2. Friselis<br>3. Revo 1<br>4. Denti Friz<br>5. Ziggles<br>6. Tourne Disc<br>7. Da Rouya<br>8. Firz&rsquo;Bisontins<br>9. Fly Disc&rsquo;R<br>10. Vibration Coed<br>11. Sun<br>12. Ah Ouh Puc 13. XLR8RS<br>14. Freezgo<br>15. Carr\u00e9Manchots<br>16. Z\u00e9rog\u00e8nes<br>17. Pick Up<br>18. FreezzzBeezzz 19. Monkey Foo<br>20. Ultimote<br>21. Revo 2<br>22. Breizh Storming<br>23. Phoenix<br>24.La Bourrasque<\/p>\n\n\n\n<p>Esprit du jeu : Tourne Disc<\/p>\n<\/div><\/div>\n","protected":false},"excerpt":{"rendered":"<p>1. Famille Shmurtz2. Friselis3. Revo 14. Denti Friz5. Ziggles6. Tourne Disc7. Da Rouya8. Firz&rsquo;Bisontins9. Fly Disc&rsquo;R10. Vibration Coed11. Sun12. Ah Ouh Puc 13. XLR8RS14. Freezgo15. Carr\u00e9Manchots16. Z\u00e9rog\u00e8nes17. Pick Up18. FreezzzBeezzz 19. Monkey Foo20. Ultimote21. Revo 222. Breizh Storming23. Phoenix24.La Bourrasque Esprit du jeu : Tourne Disc<\/p>\n","protected":false},"author":3,"featured_media":0,"parent":104,"menu_order":0,"comment_status":"closed","ping_status":"closed","template":"","meta":{"neve_meta_sidebar":"","neve_meta_container":"","neve_meta_enable_content_width":"","neve_meta_content_width":0,"neve_meta_title_alignment":"","neve_meta_author_avatar":"","neve_post_elements_order":"","neve_meta_disable_header":"","neve_meta_disable_footer":"","neve_meta_disable_title":"","footnotes":""},"class_list":["post-176","page","type-page","status-publish","hentry"],"_links":{"self":[{"href":"https:\/\/tsunamixte.fr\/index.php\/wp-json\/wp\/v2\/pages\/176","targetHints":{"allow":["GET"]}}],"collection":[{"href":"https:\/\/tsunamixte.fr\/index.php\/wp-json\/wp\/v2\/pages"}],"about":[{"href":"https:\/\/tsunamixte.fr\/index.php\/wp-json\/wp\/v2\/types\/page"}],"author":[{"embeddable":true,"href":"https:\/\/tsunamixte.fr\/index.php\/wp-json\/wp\/v2\/users\/3"}],"replies":[{"embeddable":true,"href":"https:\/\/tsunamixte.fr\/index.php\/wp-json\/wp\/v2\/comments?post=176"}],"version-history":[{"count":1,"href":"https:\/\/tsunamixte.fr\/index.php\/wp-json\/wp\/v2\/pages\/176\/revisions"}],"predecessor-version":[{"id":178,"href":"https:\/\/tsunamixte.fr\/index.php\/wp-json\/wp\/v2\/pages\/176\/revisions\/178"}],"up":[{"embeddable":true,"href":"https:\/\/tsunamixte.fr\/index.php\/wp-json\/wp\/v2\/pages\/104"}],"wp:attachment":[{"href":"https:\/\/tsunamixte.fr\/index.php\/wp-json\/wp\/v2\/media?parent=176"}],"curies":[{"name":"wp","href":"https:\/\/api.w.org\/{rel}","templated":true}]}}