{"id":179,"date":"2021-10-29T13:42:34","date_gmt":"2021-10-29T11:42:34","guid":{"rendered":"https:\/\/tsunamixte.fr\/?page_id=179"},"modified":"2021-10-29T13:42:34","modified_gmt":"2021-10-29T11:42:34","slug":"tsunamixte-2009","status":"publish","type":"page","link":"https:\/\/tsunamixte.fr\/index.php\/palmares\/tsunamixte-2009\/","title":{"rendered":"Tsunamixte 2009"},"content":{"rendered":"\n<div class=\"wp-block-media-text alignwide is-stacked-on-mobile\"><figure class=\"wp-block-media-text__media\"><img loading=\"lazy\" decoding=\"async\" width=\"710\" height=\"590\" src=\"https:\/\/tsunamixte.fr\/wp-content\/uploads\/2021\/10\/2009.png\" alt=\"\" class=\"wp-image-180 size-full\" srcset=\"https:\/\/tsunamixte.fr\/wp-content\/uploads\/2021\/10\/2009.png 710w, https:\/\/tsunamixte.fr\/wp-content\/uploads\/2021\/10\/2009-300x249.png 300w\" sizes=\"auto, (max-width: 710px) 100vw, 710px\" \/><\/figure><div class=\"wp-block-media-text__content\">\n<p>1. Love Pass<br>2. Famille Schm\u00fcrtz<br>3. Pussy catch<br>4. Friselis<br>5. Freezzbeezz<br>6. Monkey Foo<br>7. Ziggles<br>8. Ah Ouh Puc<br>9. Hot<br>10. Sun<br>11. Bikil\u00e9l\u00e9<br>12. Mistix<br>13. R\u00e9volution&rsquo;Air<br>14. Spin Doctors<br>15. Friz&rsquo;Bisontins<br>16. Flep Intox<br>17. Tsun-Amis<br>18. Fly Disc&rsquo;R<br>19. Disjonct\u00e9s<br>20. Kz<br>21. Z\u00e9rog\u00eane<br>22. Phoenix<br>23. La Bourrasque<br>24. HEI<\/p>\n\n\n\n<p>Esprit du jeu : Bikil\u00e9l\u00e9<\/p>\n<\/div><\/div>\n","protected":false},"excerpt":{"rendered":"<p>1. Love Pass2. Famille Schm\u00fcrtz3. Pussy catch4. Friselis5. Freezzbeezz6. Monkey Foo7. Ziggles8. Ah Ouh Puc9. Hot10. Sun11. Bikil\u00e9l\u00e912. Mistix13. R\u00e9volution&rsquo;Air14. Spin Doctors15. Friz&rsquo;Bisontins16. Flep Intox17. Tsun-Amis18. Fly Disc&rsquo;R19. Disjonct\u00e9s20. Kz21. Z\u00e9rog\u00eane22. Phoenix23. La Bourrasque24. HEI Esprit du jeu : Bikil\u00e9l\u00e9<\/p>\n","protected":false},"author":3,"featured_media":0,"parent":104,"menu_order":0,"comment_status":"closed","ping_status":"closed","template":"","meta":{"neve_meta_sidebar":"","neve_meta_container":"","neve_meta_enable_content_width":"","neve_meta_content_width":0,"neve_meta_title_alignment":"","neve_meta_author_avatar":"","neve_post_elements_order":"","neve_meta_disable_header":"","neve_meta_disable_footer":"","neve_meta_disable_title":"","footnotes":""},"class_list":["post-179","page","type-page","status-publish","hentry"],"_links":{"self":[{"href":"https:\/\/tsunamixte.fr\/index.php\/wp-json\/wp\/v2\/pages\/179","targetHints":{"allow":["GET"]}}],"collection":[{"href":"https:\/\/tsunamixte.fr\/index.php\/wp-json\/wp\/v2\/pages"}],"about":[{"href":"https:\/\/tsunamixte.fr\/index.php\/wp-json\/wp\/v2\/types\/page"}],"author":[{"embeddable":true,"href":"https:\/\/tsunamixte.fr\/index.php\/wp-json\/wp\/v2\/users\/3"}],"replies":[{"embeddable":true,"href":"https:\/\/tsunamixte.fr\/index.php\/wp-json\/wp\/v2\/comments?post=179"}],"version-history":[{"count":1,"href":"https:\/\/tsunamixte.fr\/index.php\/wp-json\/wp\/v2\/pages\/179\/revisions"}],"predecessor-version":[{"id":181,"href":"https:\/\/tsunamixte.fr\/index.php\/wp-json\/wp\/v2\/pages\/179\/revisions\/181"}],"up":[{"embeddable":true,"href":"https:\/\/tsunamixte.fr\/index.php\/wp-json\/wp\/v2\/pages\/104"}],"wp:attachment":[{"href":"https:\/\/tsunamixte.fr\/index.php\/wp-json\/wp\/v2\/media?parent=179"}],"curies":[{"name":"wp","href":"https:\/\/api.w.org\/{rel}","templated":true}]}}