{"id":185,"date":"2021-10-29T13:49:35","date_gmt":"2021-10-29T11:49:35","guid":{"rendered":"https:\/\/tsunamixte.fr\/?page_id=185"},"modified":"2021-10-29T13:49:36","modified_gmt":"2021-10-29T11:49:36","slug":"tsunamixte-2007","status":"publish","type":"page","link":"https:\/\/tsunamixte.fr\/index.php\/palmares\/tsunamixte-2007\/","title":{"rendered":"Tsunamixte 2007"},"content":{"rendered":"\n<div class=\"wp-block-media-text alignwide is-stacked-on-mobile\"><figure class=\"wp-block-media-text__media\"><img loading=\"lazy\" decoding=\"async\" width=\"700\" height=\"410\" src=\"https:\/\/tsunamixte.fr\/wp-content\/uploads\/2021\/10\/2007.png\" alt=\"\" class=\"wp-image-186 size-full\" srcset=\"https:\/\/tsunamixte.fr\/wp-content\/uploads\/2021\/10\/2007.png 700w, https:\/\/tsunamixte.fr\/wp-content\/uploads\/2021\/10\/2007-300x176.png 300w\" sizes=\"auto, (max-width: 700px) 100vw, 700px\" \/><\/figure><div class=\"wp-block-media-text__content\">\n<p>1. Black Panthers, <em>Suisse<\/em><br>2. Tourne-Disque<br>3. Friselis<br>4. Famille Schmurtz<br>5. Hot<br>6. Monkey Foo<br>7. Freezegoryphik<br>8. Z\u00e9rog\u00eane<br>9. Nuts (NL)<br>10. R\u00e9volution&rsquo;Air<br>11. Tsun-Amis<br>12. Fly Disc&rsquo;R<br>13. FreezzBeezz (BEL)<br>14. Tsunami<br>15. Disconautes<br>16. La Bourrasque<\/p>\n\n\n\n<p>Esprit du jeu : Hot<\/p>\n<\/div><\/div>\n","protected":false},"excerpt":{"rendered":"<p>1. Black Panthers, Suisse2. Tourne-Disque3. Friselis4. Famille Schmurtz5. Hot6. Monkey Foo7. Freezegoryphik8. Z\u00e9rog\u00eane9. Nuts (NL)10. R\u00e9volution&rsquo;Air11. Tsun-Amis12. Fly Disc&rsquo;R13. FreezzBeezz (BEL)14. Tsunami15. Disconautes16. La Bourrasque Esprit du jeu : Hot<\/p>\n","protected":false},"author":3,"featured_media":0,"parent":104,"menu_order":0,"comment_status":"closed","ping_status":"closed","template":"","meta":{"neve_meta_sidebar":"","neve_meta_container":"","neve_meta_enable_content_width":"","neve_meta_content_width":0,"neve_meta_title_alignment":"","neve_meta_author_avatar":"","neve_post_elements_order":"","neve_meta_disable_header":"","neve_meta_disable_footer":"","neve_meta_disable_title":"","footnotes":""},"class_list":["post-185","page","type-page","status-publish","hentry"],"_links":{"self":[{"href":"https:\/\/tsunamixte.fr\/index.php\/wp-json\/wp\/v2\/pages\/185","targetHints":{"allow":["GET"]}}],"collection":[{"href":"https:\/\/tsunamixte.fr\/index.php\/wp-json\/wp\/v2\/pages"}],"about":[{"href":"https:\/\/tsunamixte.fr\/index.php\/wp-json\/wp\/v2\/types\/page"}],"author":[{"embeddable":true,"href":"https:\/\/tsunamixte.fr\/index.php\/wp-json\/wp\/v2\/users\/3"}],"replies":[{"embeddable":true,"href":"https:\/\/tsunamixte.fr\/index.php\/wp-json\/wp\/v2\/comments?post=185"}],"version-history":[{"count":1,"href":"https:\/\/tsunamixte.fr\/index.php\/wp-json\/wp\/v2\/pages\/185\/revisions"}],"predecessor-version":[{"id":187,"href":"https:\/\/tsunamixte.fr\/index.php\/wp-json\/wp\/v2\/pages\/185\/revisions\/187"}],"up":[{"embeddable":true,"href":"https:\/\/tsunamixte.fr\/index.php\/wp-json\/wp\/v2\/pages\/104"}],"wp:attachment":[{"href":"https:\/\/tsunamixte.fr\/index.php\/wp-json\/wp\/v2\/media?parent=185"}],"curies":[{"name":"wp","href":"https:\/\/api.w.org\/{rel}","templated":true}]}}