{"id":342,"date":"2022-02-01T16:28:08","date_gmt":"2022-02-01T15:28:08","guid":{"rendered":"https:\/\/tsunamixte.fr\/?page_id=342"},"modified":"2026-02-07T18:50:01","modified_gmt":"2026-02-07T17:50:01","slug":"reglements-et-plannings","status":"publish","type":"page","link":"https:\/\/tsunamixte.fr\/index.php\/reglements-et-plannings\/","title":{"rendered":"R\u00e8glements et Plannings"},"content":{"rendered":"\n<h2 class=\"wp-block-heading\">Suivi des scores et du planning en ligne<\/h2>\n\n\n\n<p><a href=\"https:\/\/www.leaguevine.com\/tournaments\/21802\/tsunamixte-2026\">https:\/\/www.leaguevine.com\/tournaments\/21802\/tsunamixte-2026<\/a><\/p>\n\n\n\n<h2 class=\"wp-block-heading\">R\u00e8glement<\/h2>\n\n\n\n<h3 class=\"wp-block-heading\"><strong>Pr\u00e9sentation g\u00e9n\u00e9rale<\/strong><\/h3>\n\n\n\n<p>Le tournoi se passe sur 4 gymnases simultan\u00e9ment et accueille 29 \u00e9quipes. Vous trouverez les adresses des gymnases sur www.tsunamixte.fr.<\/p>\n\n\n\n<p>Il n\u2019y aura pas de captain-meeting. Dans chaque gymnase vous trouverez un responsable du tournoi pour r\u00e9pondre \u00e0 vos questions \u00e9ventuelles et qui viendra vous voir \u00e0 votre arriv\u00e9e.<br><strong>Il est strictement interdit de consommer de l&rsquo;alcool dans les gymnases.<\/strong><br>Dans chaque gymnase vous trouverez une buvette et vous pourrez payer en CB.<br><strong>Nous comptons sur vous pour amener votre kit pique-nique afin de ne pas produire trop de d\u00e9chets !<\/strong><\/p>\n\n\n\n<p>Chaque \u00e9quipe fera 3 ou 4 matchs le samedi.<br>Le dimanche sera consacr\u00e9 aux matchs de classement (3 matchs par \u00e9quipe).<br>Les 8 \u00e9quipes qui gagnent les 8\u00e8me de finale s\u2019affronteront pour les places de 1 \u00e0 8, les 8 perdantes des 8\u00e8me de finale pour les places de 9 \u00e0 16, les 3<sup>\u00e8mes<\/sup> des poules A, B, C, E, G ainsi que les 3 \u00e9quipes vainqueurs des Cross 1, Cross 2 et Cross 3 joueront pour les places 17 \u00e0 24, les 4\u00e8me des poules A, B ainsi que les 3 perdants des Cross 1, Cross 2 et Cross 3 joueront pour les places 25 \u00e0 29 dans une poule.<\/p>\n\n\n\n<p>Pour un retard sup\u00e9rieur \u00e0 5 minutes l\u2019\u00e9quipe en retard est consid\u00e9r\u00e9e comme forfait, pour moins de 5 minutes de retard l\u2019\u00e9quipe en retard offre autant de points \u00e0 son adversaire que de minutes de retard.<br>Vous trouverez sur le planning les tables de marque que chaque \u00e9quipe devra assurer, merci de les respecter.<\/p>\n\n\n\n<h3 class=\"wp-block-heading\"><strong>Samedi<\/strong><\/h3>\n\n\n\n<p>Ouverture des gymnases 45 minutes avant le premier match.<\/p>\n\n\n\n<p>Chaque \u00e9quipe joue 3 ou 4 matchs.<br>Dur\u00e9e des matchs: 25 minutes. Cap + 1 si, \u00e0 la fin des 25 minute,s il y a match nul ou 1 point d\u2019\u00e9cart. Pas de mi-temps.<br>Un temps mort d\u2019une minute par \u00e9quipe \u00e0 prendre pendant le match mais pas dans les 5 derni\u00e8res minutes (on n\u2019arr\u00eate pas le chrono pendant le temps-mort), pas de temps mort dans le cap. Fin du match si une \u00e9quipe arrive \u00e0 13 points.<br><br>Avant chaque d\u00e9but de match, deux tirages au sort sont effectu\u00e9s. Tout d\u2019abord celui pour d\u00e9cider de l\u2019\u00e9quipe attaquante lors du 1<sup>er<\/sup> point puis celui pour choisir la z\u00f4ne de mixit\u00e9. Chaque point doit se jouer avec 3 filles et 2 gar\u00e7ons ou le contraire. L\u2019\u00e9quipe situ\u00e9e dans la zone de mixit\u00e9 au d\u00e9but du point choisit, l\u2019autre \u00e9quipe doit avoir la m\u00eame composition.<br><\/p>\n\n\n\n<p>Le repas et la soir\u00e9e auront lieu \u00e0 la salle socio-culturelle de Saint Pierre les Nemours, 9 rue du clos Saint Jean.<br><strong>D\u00e9but du repas \u00e0 19h30<\/strong>, <strong>il faut \u00eatre arriv\u00e9 avant 20h30 pour \u00eatre servi&nbsp;!<\/strong> Le 1er verre (punch ou sans alcool) est offert.<br><strong>Soir\u00e9e d\u00e9guis\u00e9e&nbsp;th\u00e8me&nbsp;: \u00ab&nbsp;Les vainqueurs et les vaincus&nbsp;\u00bb<br><\/strong>Laissez libre cours \u00e0 votre imagination&nbsp;&#8230;<strong><br>D\u00e9but de la soir\u00e9e dansante vers 22h, fin \u00e0 01h30 maximum.<\/strong>Nous devons avoir rang\u00e9 et lib\u00e9r\u00e9 la salle pour 2h pr\u00e9cises&nbsp;!<br>Buvette payante \u00e0 disposition lors du repas et de la soir\u00e9e.<br>Les \u00e9quipes ne mangeant pas avec nous mais participant \u00e0 la soir\u00e9e peuvent arriver \u00e0 partir de 22h.<br>Les bracelets sont obligatoires pour participer au repas et \u00e0 la soir\u00e9e, n&rsquo;oubliez pas de les mettre \u00e0 votre poignet.<\/p>\n\n\n\n<h3 class=\"wp-block-heading\"><strong>Dimanche<\/strong><\/h3>\n\n\n\n<p>Ouverture des gymnases 45 minutes avant le premier match.&nbsp;<br>Chaque \u00e9quipe joue 3 ou 4 matchs.<\/p>\n\n\n\n<p>Dur\u00e9e des matchs 25 minutes. <strong>Cap +1 syst\u00e9matique&nbsp;!<br><\/strong>Pas de mi-temps. Un temps mort par \u00e9quipe (il peut \u00eatre pris pendant les 5 derni\u00e8res minutes mais <strong>pas de temps-mort dans le cap<\/strong>)<br>Fin du match si une \u00e9quipe arrive \u00e0 13 points.<br><br><strong>Finale du tournoi au gymnase Roux \u00e0 16h15. Toutes les \u00e9quipes auront fini de jouer et pourront venir assister \u00e0 la finale.<\/strong><br><br><strong>Un jeu d\u2019adresse sera organis\u00e9 juste avant la finale, pr\u00e9voyez un frisbee avec votre nom \u00e9crit dedans.<\/strong><\/p>\n\n\n\n<p><strong>Remise des r\u00e9compenses \u00e0 16h50 au gymnase Roux.<\/strong><\/p>\n\n\n\n<p>Toutes les joueurs recevront une r\u00e9compense, ne partez pas sans venir nous voir&nbsp;!<\/p>\n\n\n\n<h2 class=\"wp-block-heading\">Composition des poules<\/h2>\n\n\n\n<figure class=\"wp-block-gallery has-nested-images columns-default is-cropped wp-block-gallery-1 is-layout-flex wp-block-gallery-is-layout-flex\">\n<figure class=\"wp-block-image size-large\"><img loading=\"lazy\" decoding=\"async\" width=\"1024\" height=\"1024\" data-id=\"991\" src=\"https:\/\/tsunamixte.fr\/wp-content\/uploads\/2026\/02\/1-1-1024x1024.png\" alt=\"\" class=\"wp-image-991\" srcset=\"https:\/\/tsunamixte.fr\/wp-content\/uploads\/2026\/02\/1-1-1024x1024.png 1024w, https:\/\/tsunamixte.fr\/wp-content\/uploads\/2026\/02\/1-1-300x300.png 300w, https:\/\/tsunamixte.fr\/wp-content\/uploads\/2026\/02\/1-1-150x150.png 150w, https:\/\/tsunamixte.fr\/wp-content\/uploads\/2026\/02\/1-1-768x768.png 768w, https:\/\/tsunamixte.fr\/wp-content\/uploads\/2026\/02\/1-1.png 1080w\" sizes=\"auto, (max-width: 1024px) 100vw, 1024px\" \/><\/figure>\n\n\n\n<figure class=\"wp-block-image size-large\"><img loading=\"lazy\" decoding=\"async\" width=\"1024\" height=\"1024\" data-id=\"993\" src=\"https:\/\/tsunamixte.fr\/wp-content\/uploads\/2026\/02\/2-1-1024x1024.png\" alt=\"\" class=\"wp-image-993\" srcset=\"https:\/\/tsunamixte.fr\/wp-content\/uploads\/2026\/02\/2-1-1024x1024.png 1024w, https:\/\/tsunamixte.fr\/wp-content\/uploads\/2026\/02\/2-1-300x300.png 300w, https:\/\/tsunamixte.fr\/wp-content\/uploads\/2026\/02\/2-1-150x150.png 150w, https:\/\/tsunamixte.fr\/wp-content\/uploads\/2026\/02\/2-1-768x768.png 768w, https:\/\/tsunamixte.fr\/wp-content\/uploads\/2026\/02\/2-1.png 1080w\" sizes=\"auto, (max-width: 1024px) 100vw, 1024px\" \/><\/figure>\n\n\n\n<figure class=\"wp-block-image size-large\"><img loading=\"lazy\" decoding=\"async\" width=\"1024\" height=\"1024\" data-id=\"992\" src=\"https:\/\/tsunamixte.fr\/wp-content\/uploads\/2026\/02\/3-1-1024x1024.png\" alt=\"\" class=\"wp-image-992\" srcset=\"https:\/\/tsunamixte.fr\/wp-content\/uploads\/2026\/02\/3-1-1024x1024.png 1024w, https:\/\/tsunamixte.fr\/wp-content\/uploads\/2026\/02\/3-1-300x300.png 300w, https:\/\/tsunamixte.fr\/wp-content\/uploads\/2026\/02\/3-1-150x150.png 150w, https:\/\/tsunamixte.fr\/wp-content\/uploads\/2026\/02\/3-1-768x768.png 768w, https:\/\/tsunamixte.fr\/wp-content\/uploads\/2026\/02\/3-1.png 1080w\" sizes=\"auto, (max-width: 1024px) 100vw, 1024px\" \/><\/figure>\n\n\n\n<figure class=\"wp-block-image size-large\"><img loading=\"lazy\" decoding=\"async\" width=\"1024\" height=\"1024\" data-id=\"994\" src=\"https:\/\/tsunamixte.fr\/wp-content\/uploads\/2026\/02\/4-1-1024x1024.png\" alt=\"\" class=\"wp-image-994\" srcset=\"https:\/\/tsunamixte.fr\/wp-content\/uploads\/2026\/02\/4-1-1024x1024.png 1024w, https:\/\/tsunamixte.fr\/wp-content\/uploads\/2026\/02\/4-1-300x300.png 300w, https:\/\/tsunamixte.fr\/wp-content\/uploads\/2026\/02\/4-1-150x150.png 150w, https:\/\/tsunamixte.fr\/wp-content\/uploads\/2026\/02\/4-1-768x768.png 768w, https:\/\/tsunamixte.fr\/wp-content\/uploads\/2026\/02\/4-1.png 1080w\" sizes=\"auto, (max-width: 1024px) 100vw, 1024px\" \/><\/figure>\n\n\n\n<figure class=\"wp-block-image size-large\"><img loading=\"lazy\" decoding=\"async\" width=\"1024\" height=\"1024\" data-id=\"995\" src=\"https:\/\/tsunamixte.fr\/wp-content\/uploads\/2026\/02\/5-1-1024x1024.png\" alt=\"\" class=\"wp-image-995\" srcset=\"https:\/\/tsunamixte.fr\/wp-content\/uploads\/2026\/02\/5-1-1024x1024.png 1024w, https:\/\/tsunamixte.fr\/wp-content\/uploads\/2026\/02\/5-1-300x300.png 300w, https:\/\/tsunamixte.fr\/wp-content\/uploads\/2026\/02\/5-1-150x150.png 150w, https:\/\/tsunamixte.fr\/wp-content\/uploads\/2026\/02\/5-1-768x768.png 768w, https:\/\/tsunamixte.fr\/wp-content\/uploads\/2026\/02\/5-1.png 1080w\" sizes=\"auto, (max-width: 1024px) 100vw, 1024px\" \/><\/figure>\n<\/figure>\n\n\n\n<h2 class=\"wp-block-heading\">Plannings du samedi<\/h2>\n\n\n\n<figure class=\"wp-block-gallery has-nested-images columns-default is-cropped wp-block-gallery-2 is-layout-flex wp-block-gallery-is-layout-flex\">\n<figure class=\"wp-block-image size-large\"><img loading=\"lazy\" decoding=\"async\" width=\"1024\" height=\"1024\" data-id=\"990\" src=\"https:\/\/tsunamixte.fr\/wp-content\/uploads\/2026\/02\/1-1024x1024.png\" alt=\"\" class=\"wp-image-990\" srcset=\"https:\/\/tsunamixte.fr\/wp-content\/uploads\/2026\/02\/1-1024x1024.png 1024w, https:\/\/tsunamixte.fr\/wp-content\/uploads\/2026\/02\/1-300x300.png 300w, https:\/\/tsunamixte.fr\/wp-content\/uploads\/2026\/02\/1-150x150.png 150w, https:\/\/tsunamixte.fr\/wp-content\/uploads\/2026\/02\/1-768x768.png 768w, https:\/\/tsunamixte.fr\/wp-content\/uploads\/2026\/02\/1.png 1080w\" sizes=\"auto, (max-width: 1024px) 100vw, 1024px\" \/><\/figure>\n\n\n\n<figure class=\"wp-block-image size-large\"><img loading=\"lazy\" decoding=\"async\" width=\"1024\" height=\"1024\" data-id=\"989\" src=\"https:\/\/tsunamixte.fr\/wp-content\/uploads\/2026\/02\/2-1024x1024.png\" alt=\"\" class=\"wp-image-989\" srcset=\"https:\/\/tsunamixte.fr\/wp-content\/uploads\/2026\/02\/2-1024x1024.png 1024w, https:\/\/tsunamixte.fr\/wp-content\/uploads\/2026\/02\/2-300x300.png 300w, https:\/\/tsunamixte.fr\/wp-content\/uploads\/2026\/02\/2-150x150.png 150w, https:\/\/tsunamixte.fr\/wp-content\/uploads\/2026\/02\/2-768x768.png 768w, https:\/\/tsunamixte.fr\/wp-content\/uploads\/2026\/02\/2.png 1080w\" sizes=\"auto, (max-width: 1024px) 100vw, 1024px\" \/><\/figure>\n\n\n\n<figure class=\"wp-block-image size-large\"><img loading=\"lazy\" decoding=\"async\" width=\"1024\" height=\"1024\" data-id=\"988\" src=\"https:\/\/tsunamixte.fr\/wp-content\/uploads\/2026\/02\/3-1024x1024.png\" alt=\"\" class=\"wp-image-988\" srcset=\"https:\/\/tsunamixte.fr\/wp-content\/uploads\/2026\/02\/3-1024x1024.png 1024w, https:\/\/tsunamixte.fr\/wp-content\/uploads\/2026\/02\/3-300x300.png 300w, https:\/\/tsunamixte.fr\/wp-content\/uploads\/2026\/02\/3-150x150.png 150w, https:\/\/tsunamixte.fr\/wp-content\/uploads\/2026\/02\/3-768x768.png 768w, https:\/\/tsunamixte.fr\/wp-content\/uploads\/2026\/02\/3.png 1080w\" sizes=\"auto, (max-width: 1024px) 100vw, 1024px\" \/><\/figure>\n\n\n\n<figure class=\"wp-block-image size-large\"><img loading=\"lazy\" decoding=\"async\" width=\"1080\" height=\"1080\" data-id=\"987\" src=\"https:\/\/tsunamixte.fr\/wp-content\/uploads\/2026\/02\/4-1024x1024.png\" alt=\"\" class=\"wp-image-987\" srcset=\"https:\/\/tsunamixte.fr\/wp-content\/uploads\/2026\/02\/4-1024x1024.png 1024w, https:\/\/tsunamixte.fr\/wp-content\/uploads\/2026\/02\/4-300x300.png 300w, https:\/\/tsunamixte.fr\/wp-content\/uploads\/2026\/02\/4-150x150.png 150w, https:\/\/tsunamixte.fr\/wp-content\/uploads\/2026\/02\/4-768x768.png 768w, https:\/\/tsunamixte.fr\/wp-content\/uploads\/2026\/02\/4.png 1080w\" sizes=\"auto, (max-width: 1080px) 100vw, 1080px\" \/><\/figure>\n\n\n\n<figure class=\"wp-block-image size-large\"><img loading=\"lazy\" decoding=\"async\" width=\"1024\" height=\"1024\" data-id=\"986\" src=\"https:\/\/tsunamixte.fr\/wp-content\/uploads\/2026\/02\/5-1024x1024.png\" alt=\"\" class=\"wp-image-986\" srcset=\"https:\/\/tsunamixte.fr\/wp-content\/uploads\/2026\/02\/5-1024x1024.png 1024w, https:\/\/tsunamixte.fr\/wp-content\/uploads\/2026\/02\/5-300x300.png 300w, https:\/\/tsunamixte.fr\/wp-content\/uploads\/2026\/02\/5-150x150.png 150w, https:\/\/tsunamixte.fr\/wp-content\/uploads\/2026\/02\/5-768x768.png 768w, https:\/\/tsunamixte.fr\/wp-content\/uploads\/2026\/02\/5.png 1080w\" sizes=\"auto, (max-width: 1024px) 100vw, 1024px\" \/><\/figure>\n<\/figure>\n\n\n\n<h2 class=\"wp-block-heading\">Plannings du dimanche<\/h2>\n\n\n\n<figure class=\"wp-block-gallery has-nested-images columns-default is-cropped wp-block-gallery-3 is-layout-flex wp-block-gallery-is-layout-flex\">\n<figure class=\"wp-block-image size-large\"><img loading=\"lazy\" decoding=\"async\" width=\"1024\" height=\"1024\" data-id=\"1001\" src=\"https:\/\/tsunamixte.fr\/wp-content\/uploads\/2026\/02\/6-1024x1024.png\" alt=\"\" class=\"wp-image-1001\" srcset=\"https:\/\/tsunamixte.fr\/wp-content\/uploads\/2026\/02\/6-1024x1024.png 1024w, https:\/\/tsunamixte.fr\/wp-content\/uploads\/2026\/02\/6-300x300.png 300w, https:\/\/tsunamixte.fr\/wp-content\/uploads\/2026\/02\/6-150x150.png 150w, https:\/\/tsunamixte.fr\/wp-content\/uploads\/2026\/02\/6-768x768.png 768w, https:\/\/tsunamixte.fr\/wp-content\/uploads\/2026\/02\/6.png 1080w\" sizes=\"auto, (max-width: 1024px) 100vw, 1024px\" \/><\/figure>\n\n\n\n<figure class=\"wp-block-image size-large\"><img loading=\"lazy\" decoding=\"async\" width=\"1024\" height=\"1024\" data-id=\"1002\" src=\"https:\/\/tsunamixte.fr\/wp-content\/uploads\/2026\/02\/7-1024x1024.png\" alt=\"\" class=\"wp-image-1002\" srcset=\"https:\/\/tsunamixte.fr\/wp-content\/uploads\/2026\/02\/7-1024x1024.png 1024w, https:\/\/tsunamixte.fr\/wp-content\/uploads\/2026\/02\/7-300x300.png 300w, https:\/\/tsunamixte.fr\/wp-content\/uploads\/2026\/02\/7-150x150.png 150w, https:\/\/tsunamixte.fr\/wp-content\/uploads\/2026\/02\/7-768x768.png 768w, https:\/\/tsunamixte.fr\/wp-content\/uploads\/2026\/02\/7.png 1080w\" sizes=\"auto, (max-width: 1024px) 100vw, 1024px\" \/><\/figure>\n\n\n\n<figure class=\"wp-block-image size-large\"><img loading=\"lazy\" decoding=\"async\" width=\"1024\" height=\"1024\" data-id=\"999\" src=\"https:\/\/tsunamixte.fr\/wp-content\/uploads\/2026\/02\/8-1024x1024.png\" alt=\"\" class=\"wp-image-999\" srcset=\"https:\/\/tsunamixte.fr\/wp-content\/uploads\/2026\/02\/8-1024x1024.png 1024w, https:\/\/tsunamixte.fr\/wp-content\/uploads\/2026\/02\/8-300x300.png 300w, https:\/\/tsunamixte.fr\/wp-content\/uploads\/2026\/02\/8-150x150.png 150w, https:\/\/tsunamixte.fr\/wp-content\/uploads\/2026\/02\/8-768x768.png 768w, https:\/\/tsunamixte.fr\/wp-content\/uploads\/2026\/02\/8.png 1080w\" sizes=\"auto, (max-width: 1024px) 100vw, 1024px\" \/><\/figure>\n\n\n\n<figure class=\"wp-block-image size-large\"><img loading=\"lazy\" decoding=\"async\" width=\"1024\" height=\"1024\" data-id=\"1000\" src=\"https:\/\/tsunamixte.fr\/wp-content\/uploads\/2026\/02\/9-1024x1024.png\" alt=\"\" class=\"wp-image-1000\" srcset=\"https:\/\/tsunamixte.fr\/wp-content\/uploads\/2026\/02\/9-1024x1024.png 1024w, https:\/\/tsunamixte.fr\/wp-content\/uploads\/2026\/02\/9-300x300.png 300w, https:\/\/tsunamixte.fr\/wp-content\/uploads\/2026\/02\/9-150x150.png 150w, https:\/\/tsunamixte.fr\/wp-content\/uploads\/2026\/02\/9-768x768.png 768w, https:\/\/tsunamixte.fr\/wp-content\/uploads\/2026\/02\/9.png 1080w\" sizes=\"auto, (max-width: 1024px) 100vw, 1024px\" \/><\/figure>\n<\/figure>\n","protected":false},"excerpt":{"rendered":"<p>Suivi des scores et du planning en ligne https:\/\/www.leaguevine.com\/tournaments\/21802\/tsunamixte-2026 R\u00e8glement Pr\u00e9sentation g\u00e9n\u00e9rale Le tournoi se passe sur 4 gymnases simultan\u00e9ment et accueille 29 \u00e9quipes. Vous trouverez les adresses des gymnases sur www.tsunamixte.fr. Il n\u2019y aura pas de captain-meeting. Dans chaque gymnase vous trouverez un responsable du tournoi pour r\u00e9pondre \u00e0 vos questions \u00e9ventuelles et qui&hellip;&nbsp;<a href=\"https:\/\/tsunamixte.fr\/index.php\/reglements-et-plannings\/\" rel=\"bookmark\">Lire la suite &raquo;<span class=\"screen-reader-text\">R\u00e8glements et Plannings<\/span><\/a><\/p>\n","protected":false},"author":3,"featured_media":0,"parent":0,"menu_order":0,"comment_status":"closed","ping_status":"closed","template":"","meta":{"neve_meta_sidebar":"","neve_meta_container":"","neve_meta_enable_content_width":"","neve_meta_content_width":0,"neve_meta_title_alignment":"","neve_meta_author_avatar":"","neve_post_elements_order":"","neve_meta_disable_header":"","neve_meta_disable_footer":"","neve_meta_disable_title":"","footnotes":""},"class_list":["post-342","page","type-page","status-publish","hentry"],"_links":{"self":[{"href":"https:\/\/tsunamixte.fr\/index.php\/wp-json\/wp\/v2\/pages\/342","targetHints":{"allow":["GET"]}}],"collection":[{"href":"https:\/\/tsunamixte.fr\/index.php\/wp-json\/wp\/v2\/pages"}],"about":[{"href":"https:\/\/tsunamixte.fr\/index.php\/wp-json\/wp\/v2\/types\/page"}],"author":[{"embeddable":true,"href":"https:\/\/tsunamixte.fr\/index.php\/wp-json\/wp\/v2\/users\/3"}],"replies":[{"embeddable":true,"href":"https:\/\/tsunamixte.fr\/index.php\/wp-json\/wp\/v2\/comments?post=342"}],"version-history":[{"count":35,"href":"https:\/\/tsunamixte.fr\/index.php\/wp-json\/wp\/v2\/pages\/342\/revisions"}],"predecessor-version":[{"id":1003,"href":"https:\/\/tsunamixte.fr\/index.php\/wp-json\/wp\/v2\/pages\/342\/revisions\/1003"}],"wp:attachment":[{"href":"https:\/\/tsunamixte.fr\/index.php\/wp-json\/wp\/v2\/media?parent=342"}],"curies":[{"name":"wp","href":"https:\/\/api.w.org\/{rel}","templated":true}]}}