{"id":365,"date":"2022-02-08T09:42:51","date_gmt":"2022-02-08T08:42:51","guid":{"rendered":"https:\/\/tsunamixte.fr\/?page_id=365"},"modified":"2022-02-08T09:42:52","modified_gmt":"2022-02-08T08:42:52","slug":"tsunamixte-2022-16ame-ouvre-toi","status":"publish","type":"page","link":"https:\/\/tsunamixte.fr\/index.php\/palmares\/tsunamixte-2022-16ame-ouvre-toi\/","title":{"rendered":"Tsunamixte 2022 &#8211; 16\u00e2me ouvre toi"},"content":{"rendered":"\n<div class=\"wp-block-media-text alignwide is-stacked-on-mobile\"><figure class=\"wp-block-media-text__media\"><img loading=\"lazy\" decoding=\"async\" width=\"930\" height=\"871\" src=\"https:\/\/tsunamixte.fr\/wp-content\/uploads\/2022\/02\/logo_ae.png\" alt=\"\" class=\"wp-image-366 size-full\" srcset=\"https:\/\/tsunamixte.fr\/wp-content\/uploads\/2022\/02\/logo_ae.png 930w, https:\/\/tsunamixte.fr\/wp-content\/uploads\/2022\/02\/logo_ae-300x281.png 300w, https:\/\/tsunamixte.fr\/wp-content\/uploads\/2022\/02\/logo_ae-768x719.png 768w\" sizes=\"auto, (max-width: 930px) 100vw, 930px\" \/><\/figure><div class=\"wp-block-media-text__content\">\n<ol class=\"wp-block-list\"><li><strong>Binbinbinx<\/strong><\/li><li>SKD SKYDIVING<\/li><li>L&rsquo;\u00e9kipage<\/li><li>Les Pinpins<\/li><li>Moldu Disc<\/li><li>Tsunamiiii<\/li><li>Armada<\/li><li>Les Discjonct\u00e9s<\/li><li>Frizstyle FBF<\/li><li>UPA<\/li><li>Les Kassos<\/li><li>Ca va trancher ch\u00e9rie<\/li><li>NUT<\/li><li>Ultimate Vibration<\/li><li>CS R\u00e9vo<\/li><li>PUC<\/li><li>Frizstyle BL<\/li><li>Zanarkand Abes<\/li><li>Mister Friz universit\u00e9<\/li><li>Ultiplane<\/li><li>Abitbol<\/li><li>Fris&rsquo;beer<\/li><li>Phoenix<\/li><li>Sesquilustuce<\/li><li>Free Spirits<\/li><li>Tsunami 2022<\/li><li>Positive Vibration<\/li><li>Frisboloss<\/li><\/ol>\n\n\n\n<p><strong>Esprit du jeu : Armada<\/strong><\/p>\n<\/div><\/div>\n","protected":false},"excerpt":{"rendered":"<p>Binbinbinx SKD SKYDIVING L&rsquo;\u00e9kipage Les Pinpins Moldu Disc Tsunamiiii Armada Les Discjonct\u00e9s Frizstyle FBF UPA Les Kassos Ca va trancher ch\u00e9rie NUT Ultimate Vibration CS R\u00e9vo PUC Frizstyle BL Zanarkand Abes Mister Friz universit\u00e9 Ultiplane Abitbol Fris&rsquo;beer Phoenix Sesquilustuce Free Spirits Tsunami 2022 Positive Vibration Frisboloss Esprit du jeu : Armada<\/p>\n","protected":false},"author":3,"featured_media":0,"parent":104,"menu_order":16,"comment_status":"closed","ping_status":"closed","template":"","meta":{"neve_meta_sidebar":"","neve_meta_container":"","neve_meta_enable_content_width":"","neve_meta_content_width":0,"neve_meta_title_alignment":"","neve_meta_author_avatar":"","neve_post_elements_order":"","neve_meta_disable_header":"","neve_meta_disable_footer":"","neve_meta_disable_title":"","footnotes":""},"class_list":["post-365","page","type-page","status-publish","hentry"],"_links":{"self":[{"href":"https:\/\/tsunamixte.fr\/index.php\/wp-json\/wp\/v2\/pages\/365","targetHints":{"allow":["GET"]}}],"collection":[{"href":"https:\/\/tsunamixte.fr\/index.php\/wp-json\/wp\/v2\/pages"}],"about":[{"href":"https:\/\/tsunamixte.fr\/index.php\/wp-json\/wp\/v2\/types\/page"}],"author":[{"embeddable":true,"href":"https:\/\/tsunamixte.fr\/index.php\/wp-json\/wp\/v2\/users\/3"}],"replies":[{"embeddable":true,"href":"https:\/\/tsunamixte.fr\/index.php\/wp-json\/wp\/v2\/comments?post=365"}],"version-history":[{"count":1,"href":"https:\/\/tsunamixte.fr\/index.php\/wp-json\/wp\/v2\/pages\/365\/revisions"}],"predecessor-version":[{"id":367,"href":"https:\/\/tsunamixte.fr\/index.php\/wp-json\/wp\/v2\/pages\/365\/revisions\/367"}],"up":[{"embeddable":true,"href":"https:\/\/tsunamixte.fr\/index.php\/wp-json\/wp\/v2\/pages\/104"}],"wp:attachment":[{"href":"https:\/\/tsunamixte.fr\/index.php\/wp-json\/wp\/v2\/media?parent=365"}],"curies":[{"name":"wp","href":"https:\/\/api.w.org\/{rel}","templated":true}]}}