{"id":9,"date":"2021-10-28T10:39:48","date_gmt":"2021-10-28T08:39:48","guid":{"rendered":"http:\/\/tsunamixte.fr\/?page_id=9"},"modified":"2026-02-11T10:50:23","modified_gmt":"2026-02-11T09:50:23","slug":"accueil","status":"publish","type":"page","link":"https:\/\/tsunamixte.fr\/","title":{"rendered":"Accueil"},"content":{"rendered":"\n<h1 class=\"wp-block-heading\" id=\"tsunamixte-16-termine\"><br><strong><em><mark style=\"background-color:rgba(0, 0, 0, 0)\" class=\"has-inline-color has-nv-c-1-color\">Tsunamixte 20 &#8211;<\/mark><mark style=\"background-color:rgba(0, 0, 0, 0)\" class=\"has-inline-color has-neve-link-hover-color-color\"> <\/mark><\/em><\/strong>L&rsquo;\u00e9dition des Vingt C\u0153urs<\/h1>\n\n\n\n<p>Merci pour votre participation et \u00e0 bient\u00f4t pour la 21\u00e8me \u00e9dition !<\/p>\n\n\n\n<figure class=\"wp-block-gallery has-nested-images columns-default is-cropped wp-block-gallery-1 is-layout-flex wp-block-gallery-is-layout-flex\">\n<figure class=\"wp-block-image size-large is-style-default\"><img loading=\"lazy\" decoding=\"async\" width=\"1024\" height=\"682\" data-id=\"1004\" src=\"https:\/\/tsunamixte.fr\/wp-content\/uploads\/2026\/02\/WhatsApp-Image-2026-02-08-at-19.19.35-1024x682.jpeg\" alt=\"\" class=\"wp-image-1004\" srcset=\"https:\/\/tsunamixte.fr\/wp-content\/uploads\/2026\/02\/WhatsApp-Image-2026-02-08-at-19.19.35-1024x682.jpeg 1024w, https:\/\/tsunamixte.fr\/wp-content\/uploads\/2026\/02\/WhatsApp-Image-2026-02-08-at-19.19.35-300x200.jpeg 300w, https:\/\/tsunamixte.fr\/wp-content\/uploads\/2026\/02\/WhatsApp-Image-2026-02-08-at-19.19.35-768x512.jpeg 768w, https:\/\/tsunamixte.fr\/wp-content\/uploads\/2026\/02\/WhatsApp-Image-2026-02-08-at-19.19.35-1536x1023.jpeg 1536w, https:\/\/tsunamixte.fr\/wp-content\/uploads\/2026\/02\/WhatsApp-Image-2026-02-08-at-19.19.35-930x620.jpeg 930w, https:\/\/tsunamixte.fr\/wp-content\/uploads\/2026\/02\/WhatsApp-Image-2026-02-08-at-19.19.35.jpeg 1600w\" sizes=\"auto, (max-width: 1024px) 100vw, 1024px\" \/><\/figure>\n<\/figure>\n\n\n\n<div class=\"wp-block-buttons is-content-justification-center is-layout-flex wp-container-core-buttons-is-layout-16018d1d wp-block-buttons-is-layout-flex\">\n<div class=\"wp-block-button\"><a class=\"wp-block-button__link wp-element-button\" href=\"https:\/\/tsunamixte.fr\/index.php\/tsunamixte-2026-ledition-des-vingt-coeurs\/\">Classement complet<\/a><\/div>\n<\/div>\n\n\n\n<p><\/p>\n\n\n\n<p><\/p>\n\n\n\n<hr class=\"wp-block-separator has-alpha-channel-opacity\"\/>\n\n\n\n<p>20\u00e8me \u00e9dition !<\/p>\n\n\n\n<p><br>Nous esp\u00e9rons vous accueillir tr\u00e8s nombreu.ses.x pour que la f\u00eate soit plus belle !<br>Gr\u00e2ce au soutien de <a href=\"https:\/\/www.facebook.com\/VilleDeNemours?__cft__[0]=AZWpsnK_J-vDI2XJSU2EFaLNzAQshECXk9CXKQ0N7XL-EX2pg3venWOZFyN0PS9qVlG4Fir6QLX84VAfeByngmK1iHq4Bi5Z5qcZjak_X6lPmdFGGq47UBNWCPKZnM9wnbCD-wYA_xQtbficsyTCghK6Wv5KUx2TFuXwMRBqEu_mbe2NYpClIZdW_EZRua9dNyE&amp;__tn__=-]K-R\">Ville de Nemours<\/a> et <a href=\"https:\/\/www.facebook.com\/VilleSaintPierrelesNemours?__cft__[0]=AZWpsnK_J-vDI2XJSU2EFaLNzAQshECXk9CXKQ0N7XL-EX2pg3venWOZFyN0PS9qVlG4Fir6QLX84VAfeByngmK1iHq4Bi5Z5qcZjak_X6lPmdFGGq47UBNWCPKZnM9wnbCD-wYA_xQtbficsyTCghK6Wv5KUx2TFuXwMRBqEu_mbe2NYpClIZdW_EZRua9dNyE&amp;__tn__=-]K-R\">Ville de Saint Pierre l\u00e8s Nemours<\/a>, de la CC Pays De Nemours et du <a href=\"https:\/\/www.facebook.com\/departementdeseineetmarne?__cft__[0]=AZWpsnK_J-vDI2XJSU2EFaLNzAQshECXk9CXKQ0N7XL-EX2pg3venWOZFyN0PS9qVlG4Fir6QLX84VAfeByngmK1iHq4Bi5Z5qcZjak_X6lPmdFGGq47UBNWCPKZnM9wnbCD-wYA_xQtbficsyTCghK6Wv5KUx2TFuXwMRBqEu_mbe2NYpClIZdW_EZRua9dNyE&amp;__tn__=-]K-R\">D\u00e9partement de Seine-et-Marne<\/a>, la soixantaine de b\u00e9n\u00e9voles pourront \u0153uvrer dans les quatre gymnases et lors de la soir\u00e9e pour vous faire passer un super moment.<\/p>\n\n\n\n<p>Serez-vous des n\u00f4tres ?<\/p>\n\n\n\n<p><\/p>\n\n\n\n<div class=\"wp-block-columns is-layout-flex wp-container-core-columns-is-layout-9d6595d7 wp-block-columns-is-layout-flex\">\n<div class=\"wp-block-column is-layout-flow wp-block-column-is-layout-flow\">\n<h2 class=\"wp-block-heading\" id=\"5-et-6-fevrier-2022\">7 et 8 f\u00e9vrier 2026<\/h2>\n\n\n\n<hr class=\"wp-block-separator has-css-opacity is-style-default\"\/>\n\n\n\n<p>On ne change pas les traditions ! Les vendanges (\u00e0 ne pas prendre au pied de la lettre), si on a rien contre quelques s\u00e9quences b\u00eatisier, auront lieu \u00e0 Nemours les 7 et 8 f\u00e9vrier prochains.<\/p>\n\n\n\n<p>On esp\u00e8re que vous r\u00e9pondrez nombreux \u00e0 notre appel.<\/p>\n\n\n\n<p>En tout cas, les tsunamis sont d\u00e9j\u00e0 en ordre de bataille et plus motiv\u00e9s que jamais pour vous voir dire \u00e0 vos co\u00e9quipier.re.s : au Tsunamixte 2026, les vingt coeurs !<\/p>\n\n\n\n<div class=\"wp-block-buttons alignwide is-horizontal is-content-justification-center is-layout-flex wp-container-core-buttons-is-layout-499968f5 wp-block-buttons-is-layout-flex\">\n<div class=\"wp-block-button is-style-default\"><a class=\"wp-block-button__link wp-element-button\" href=\"https:\/\/tsunamixte.fr\/index.php\/infos\/\">Infos \/ Tarifs<\/a><\/div>\n<\/div>\n<\/div>\n\n\n\n<div class=\"wp-block-column is-layout-flow wp-block-column-is-layout-flow\">\n<h2 class=\"wp-block-heading\">Cru 2026<\/h2>\n\n\n\n<hr class=\"wp-block-separator has-css-opacity\"\/>\n\n\n\n<h3 class=\"wp-block-heading\" id=\"16-qu-il-va-vous-arriver\">\u00c9coutes les r\u00e8gles d&rsquo;or du Tsunamixte<\/h3>\n\n\n\n<ul class=\"wp-block-list\">\n<li>Pense \u00e0 prendre des gars ET des filles !<\/li>\n\n\n\n<li>Pour tes repas, pense \u00e0 ton kit pique-nique parce qu&rsquo;il y a des gaufres des croques, des salades et tout ce que vous r\u00e9servent nos 4 buvettes !<\/li>\n\n\n\n<li>Tu gagnes ? ok. mais quoi ? et ben : la gloire, le fairplay, et une bonne gueule de bois<\/li>\n\n\n\n<li>Oublie le reste et pense \u00e0 ce qu&rsquo;il va t&rsquo;arriver : passer un bon WE !<\/li>\n<\/ul>\n<\/div>\n<\/div>\n\n\n\n<figure class=\"wp-block-table is-style-stripes\"><table class=\"has-nv-site-bg-background-color has-background has-fixed-layout\"><tbody><tr><td><a href=\"https:\/\/www.nemours.fr\/\" data-type=\"URL\" data-id=\"https:\/\/www.nemours.fr\/\" target=\"_blank\" rel=\"noreferrer noopener\"><img loading=\"lazy\" decoding=\"async\" width=\"150\" height=\"113\" class=\"wp-image-69\" style=\"width: 150px;\" src=\"http:\/\/tsunamixte.fr\/wp-content\/uploads\/2021\/10\/nemours.png\" alt=\"\" srcset=\"https:\/\/tsunamixte.fr\/wp-content\/uploads\/2021\/10\/nemours.png 1024w, https:\/\/tsunamixte.fr\/wp-content\/uploads\/2021\/10\/nemours-300x225.png 300w, https:\/\/tsunamixte.fr\/wp-content\/uploads\/2021\/10\/nemours-768x576.png 768w\" sizes=\"auto, (max-width: 150px) 100vw, 150px\" \/><\/a><\/td><td><img loading=\"lazy\" decoding=\"async\" width=\"150\" height=\"150\" class=\"wp-image-568\" style=\"width: 150px;\" src=\"http:\/\/tsunamixte.fr\/wp-content\/uploads\/2023\/01\/spln.png\" alt=\"\" srcset=\"https:\/\/tsunamixte.fr\/wp-content\/uploads\/2023\/01\/spln.png 283w, https:\/\/tsunamixte.fr\/wp-content\/uploads\/2023\/01\/spln-150x150.png 150w\" sizes=\"auto, (max-width: 150px) 100vw, 150px\" \/><\/td><td><img loading=\"lazy\" decoding=\"async\" width=\"150\" height=\"113\" class=\"wp-image-567\" style=\"width: 150px;\" src=\"http:\/\/tsunamixte.fr\/wp-content\/uploads\/2023\/01\/CD77-Logo-RVB.png\" alt=\"\" srcset=\"https:\/\/tsunamixte.fr\/wp-content\/uploads\/2023\/01\/CD77-Logo-RVB.png 1368w, https:\/\/tsunamixte.fr\/wp-content\/uploads\/2023\/01\/CD77-Logo-RVB-300x226.png 300w, https:\/\/tsunamixte.fr\/wp-content\/uploads\/2023\/01\/CD77-Logo-RVB-1024x772.png 1024w, https:\/\/tsunamixte.fr\/wp-content\/uploads\/2023\/01\/CD77-Logo-RVB-768x579.png 768w\" sizes=\"auto, (max-width: 150px) 100vw, 150px\" \/><\/td><td><img loading=\"lazy\" decoding=\"async\" width=\"150\" height=\"113\" class=\"wp-image-67\" style=\"width: 150px;\" src=\"http:\/\/tsunamixte.fr\/wp-content\/uploads\/2021\/10\/eclaireur.png\" alt=\"\" srcset=\"https:\/\/tsunamixte.fr\/wp-content\/uploads\/2021\/10\/eclaireur.png 1024w, https:\/\/tsunamixte.fr\/wp-content\/uploads\/2021\/10\/eclaireur-300x225.png 300w, https:\/\/tsunamixte.fr\/wp-content\/uploads\/2021\/10\/eclaireur-768x576.png 768w\" sizes=\"auto, (max-width: 150px) 100vw, 150px\" \/><\/td><td><a href=\"https:\/\/www.afflelou.com\/opticien\/nemours\/afflelou-32-bis-rue-de-paris-77140\"><img loading=\"lazy\" decoding=\"async\" width=\"150\" height=\"84\" class=\"wp-image-854\" style=\"width: 150px;\" src=\"http:\/\/tsunamixte.fr\/wp-content\/uploads\/2024\/11\/logo-afflelou-eb51.webp\" alt=\"\" srcset=\"https:\/\/tsunamixte.fr\/wp-content\/uploads\/2024\/11\/logo-afflelou-eb51.webp 1400w, https:\/\/tsunamixte.fr\/wp-content\/uploads\/2024\/11\/logo-afflelou-eb51-300x169.webp 300w, https:\/\/tsunamixte.fr\/wp-content\/uploads\/2024\/11\/logo-afflelou-eb51-1024x576.webp 1024w, https:\/\/tsunamixte.fr\/wp-content\/uploads\/2024\/11\/logo-afflelou-eb51-768x432.webp 768w\" sizes=\"auto, (max-width: 150px) 100vw, 150px\" \/><\/a><\/td><td><img loading=\"lazy\" decoding=\"async\" width=\"150\" height=\"50\" class=\"wp-image-867\" style=\"width: 150px;\" src=\"http:\/\/tsunamixte.fr\/wp-content\/uploads\/2025\/01\/carrefour.png\" alt=\"\" srcset=\"https:\/\/tsunamixte.fr\/wp-content\/uploads\/2025\/01\/carrefour.png 1200w, https:\/\/tsunamixte.fr\/wp-content\/uploads\/2025\/01\/carrefour-300x100.png 300w, https:\/\/tsunamixte.fr\/wp-content\/uploads\/2025\/01\/carrefour-1024x340.png 1024w, https:\/\/tsunamixte.fr\/wp-content\/uploads\/2025\/01\/carrefour-768x255.png 768w\" sizes=\"auto, (max-width: 150px) 100vw, 150px\" \/><\/td><\/tr><\/tbody><\/table><\/figure>\n","protected":false},"excerpt":{"rendered":"<p>Tsunamixte 20 &#8211; L&rsquo;\u00e9dition des Vingt C\u0153urs Merci pour votre participation et \u00e0 bient\u00f4t pour la 21\u00e8me \u00e9dition ! 20\u00e8me \u00e9dition ! Nous esp\u00e9rons vous accueillir tr\u00e8s nombreu.ses.x pour que la f\u00eate soit plus belle !Gr\u00e2ce au soutien de Ville de Nemours et Ville de Saint Pierre l\u00e8s Nemours, de la CC Pays De Nemours&hellip;&nbsp;<a href=\"https:\/\/tsunamixte.fr\/\" rel=\"bookmark\">Lire la suite &raquo;<span class=\"screen-reader-text\">Accueil<\/span><\/a><\/p>\n","protected":false},"author":1,"featured_media":0,"parent":0,"menu_order":0,"comment_status":"closed","ping_status":"closed","template":"","meta":{"neve_meta_sidebar":"","neve_meta_container":"","neve_meta_enable_content_width":"","neve_meta_content_width":0,"neve_meta_title_alignment":"","neve_meta_author_avatar":"","neve_post_elements_order":"","neve_meta_disable_header":"","neve_meta_disable_footer":"","neve_meta_disable_title":"","footnotes":""},"class_list":["post-9","page","type-page","status-publish","hentry"],"_links":{"self":[{"href":"https:\/\/tsunamixte.fr\/index.php\/wp-json\/wp\/v2\/pages\/9","targetHints":{"allow":["GET"]}}],"collection":[{"href":"https:\/\/tsunamixte.fr\/index.php\/wp-json\/wp\/v2\/pages"}],"about":[{"href":"https:\/\/tsunamixte.fr\/index.php\/wp-json\/wp\/v2\/types\/page"}],"author":[{"embeddable":true,"href":"https:\/\/tsunamixte.fr\/index.php\/wp-json\/wp\/v2\/users\/1"}],"replies":[{"embeddable":true,"href":"https:\/\/tsunamixte.fr\/index.php\/wp-json\/wp\/v2\/comments?post=9"}],"version-history":[{"count":80,"href":"https:\/\/tsunamixte.fr\/index.php\/wp-json\/wp\/v2\/pages\/9\/revisions"}],"predecessor-version":[{"id":1017,"href":"https:\/\/tsunamixte.fr\/index.php\/wp-json\/wp\/v2\/pages\/9\/revisions\/1017"}],"wp:attachment":[{"href":"https:\/\/tsunamixte.fr\/index.php\/wp-json\/wp\/v2\/media?parent=9"}],"curies":[{"name":"wp","href":"https:\/\/api.w.org\/{rel}","templated":true}]}}